{"id":1035,"date":"2022-09-17T12:33:50","date_gmt":"2022-09-17T10:33:50","guid":{"rendered":"https:\/\/educateam.be\/?page_id=1035"},"modified":"2024-01-18T15:02:50","modified_gmt":"2024-01-18T14:02:50","slug":"rejoignez-notre-equipe-de-soutien-scolaire","status":"publish","type":"page","link":"https:\/\/educateam.be\/index.php\/rejoignez-notre-equipe-de-soutien-scolaire\/","title":{"rendered":"Rejoignez l&rsquo;\u00e9quipe !"},"content":{"rendered":"\n<figure class=\"wp-block-image size-full\"><img loading=\"lazy\" decoding=\"async\" width=\"1637\" height=\"924\" src=\"https:\/\/educateam.be\/wp-content\/uploads\/2022\/09\/ezgif.com-gif-maker.gif\" alt=\"EducaTeam ASBL de soutien scolaire - Rejoignez notre \u00e9quipe\" class=\"wp-image-1057\"\/><\/figure>\n\n\n\n<h2 class=\"wp-block-heading\">Pour qui ?<\/h2>\n\n\n\n<p>Vous \u00eates enseignant\u00b7e, instituteur\u00b7trice ou pensionn\u00e9\u00b7e de l&rsquo;enseignement ? Vous \u00eates passionn\u00e9\u00b7e par votre m\u00e9tier et souhaitez  partager vos connaissances dans un environnement stimulant ? Alors rejoignez notre \u00e9quipe de soutien scolaire sans plus attendre !<\/p>\n\n\n\n<p>En effet, chez EducaTeam, nous offrons un accompagnement de qualit\u00e9 \u00e0 travers une m\u00e9thodologie \u00e9prouv\u00e9e et un suivi personnalis\u00e9. Nous sommes \u00e9galement convaincus que chaque \u00e9l\u00e8ve a le potentiel de r\u00e9ussir et nous mettons tout en \u0153uvre pour les aider \u00e0 atteindre leurs objectifs. Vous trouverez plus d&rsquo;informations concernant le fonctionnement de notre soutien scolaire sur <a href=\"https:\/\/educateam.be\/index.php\/soutien-scolaire\/\">cette page<\/a>.<\/p>\n\n\n\n<h2 class=\"wp-block-heading\">Pourquoi rejoindre notre \u00e9quipe de soutien scolaire ?<\/h2>\n\n\n\n<p>Tout d&rsquo;abord, en rejoignant notre \u00e9quipe, vous travaillerez avec des coll\u00e8gues dynamiques et motiv\u00e9s, dans un environnement stimulant et gratifiant. Vous aurez \u00e9galement l&rsquo;opportunit\u00e9 de partager votre exp\u00e9rience, vos \u00ab\u00a0trucs\u00a0\u00bb, avec des \u00e9l\u00e8ves en demande de soutien, tant disciplinaire que m\u00e9thodologique.<\/p>\n\n\n\n<p>Nous sommes r\u00e9guli\u00e8rement \u00e0 la recherche d&rsquo;enseignant\u00b7e\u00b7s et d&rsquo;instituteurs\u00b7trices exp\u00e9riment\u00e9\u00b7e\u00b7s qui souhaitent  partager leur passion pour l&rsquo;enseignement. Si vous \u00eates pensionn\u00e9\u00b7e de l&rsquo;enseignement, rejoindre notre \u00e9quipe est tout d&rsquo;abord une excellente occasion de mettre votre exp\u00e9rience \u00e0 profit. Mais aussi de rester actif dans votre domaine de pr\u00e9dilection.<\/p>\n\n\n\n<p>Notre \u00e9quipe de soutien scolaire est fi\u00e8re de son approche p\u00e9dagogique innovante et efficace. Une approche qui permet aux \u00e9l\u00e8ves de progresser de mani\u00e8re significative mais aussi de d\u00e9velopper leur m\u00e9thode de travail. L&rsquo;accompagnement de nos nouveaux membres est \u00e9galement tr\u00e8s important pour notre ASBL : durant les premi\u00e8res s\u00e9ances, tout\u00b7e nouvel\u00b7le enseignant\u00b7e est  suivi\u00b7e et soutenu\u00b7e par l&rsquo;un\u00b7e de nos professeurs exp\u00e9riment\u00e9\u00b7e\u00b7s. Cet accompagnement garantit aux nouveaux membres des d\u00e9buts sereins au sein de notre \u00e9quipe de soutien scolaire et permet \u00e0 cette derni\u00e8re de rester \u00e0 la pointe dans son domaine d&rsquo;activit\u00e9s.<\/p>\n\n\n\n<p>En r\u00e9sum\u00e9, rejoindre notre \u00e9quipe est une excellente opportunit\u00e9 de d\u00e9velopper vos comp\u00e9tences en enseignement. Mais \u00e9galement l&rsquo;occasion de travailler dans un environnement stimulant et de faire une diff\u00e9rence significative dans la vie de nos \u00e9l\u00e8ves. <\/p>\n\n\n\n<h2 class=\"wp-block-heading\">Comment postuler ?<\/h2>\n\n\n\n<p>Ce que vous venez de lire ci-dessus vous parle ? Alors n&rsquo;h\u00e9sitez plus : postulez et rejoignez notre dream team \ud83d\ude42<\/p>\n\n\n\n<p>Pour cela, il vous suffit d&rsquo;<strong><em>envoyer un mail<\/em><\/strong> contenant :<\/p>\n\n\n\n<ul class=\"wp-block-list\">\n<li>Un court descriptif vous concernant ;<\/li>\n\n\n\n<li>Vos coordonn\u00e9es ;<\/li>\n\n\n\n<li>Votre CV ;<\/li>\n<\/ul>\n\n\n\n<p>\u00e0 l&rsquo;adresse <a href=\"mailto:candidature@educateam.be\">candidature@educateam.be<\/a><\/p>\n\n\n\n<hr class=\"wp-block-separator has-alpha-channel-opacity\"\/>\n\n\n\n<p>Des questions quant aux modalit\u00e9s pratiques (fonctionnement, d\u00e9fraiement, &#8230;) ? Nous nous ferons un plaisir de vous r\u00e9pondre via les canaux suivants :<\/p>\n\n\n\n<ul class=\"wp-block-list\">\n<li>T\u00e9l\u00e9phone : 0484\/06.60.60<\/li>\n\n\n\n<li>Mail : <a href=\"mailto:info@educateam.be\" target=\"_blank\" rel=\"noreferrer noopener\">info@educateam<\/a><\/li>\n\n\n\n<li>Messenger : <a href=\"https:\/\/m.me\/asbleducateam\" target=\"_blank\" rel=\"noreferrer noopener\">AsblEducaTeam<\/a> <\/li>\n<\/ul>\n\n\n\n<blockquote class=\"wp-block-quote is-layout-flow wp-block-quote-is-layout-flow\">\n<p>EducaTeam &#8211; Le soutien scolaire, notre savoir-faire.<\/p>\n<\/blockquote>\n","protected":false},"excerpt":{"rendered":"<p class=\"qua-blog-post-description\">Pour qui ? Vous \u00eates enseignant\u00b7e, instituteur\u00b7trice ou pensionn\u00e9\u00b7e de l&rsquo;enseignement ? Vous \u00eates passionn\u00e9\u00b7e par votre m\u00e9tier et souhaitez partager vos connaissances dans un environnement stimulant ? Alors rejoignez notre \u00e9quipe de soutien scolaire sans plus attendre ! En effet, chez EducaTeam, nous offrons un accompagnement de qualit\u00e9 \u00e0 travers une m\u00e9thodologie \u00e9prouv\u00e9e et [&hellip;]<\/p>\n","protected":false},"author":1,"featured_media":0,"parent":0,"menu_order":0,"comment_status":"closed","ping_status":"closed","template":"","meta":{"footnotes":""},"class_list":["post-1035","page","type-page","status-publish","hentry"],"yoast_head":"<!-- This site is optimized with the Yoast SEO plugin v27.4 - https:\/\/yoast.com\/product\/yoast-seo-wordpress\/ -->\n<title>Equipe de soutien scolaire - Rejoignez-nos !<\/title>\n<meta name=\"description\" content=\"EducaTeam - soutien scolaire - primaire - secondaire - enseignants qualifi\u00e9s - soutien personnalis\u00e9 - Rejoignez notre \u00e9quipe !\" \/>\n<meta name=\"robots\" content=\"index, follow, max-snippet:-1, max-image-preview:large, max-video-preview:-1\" \/>\n<link rel=\"canonical\" href=\"https:\/\/educateam.be\/index.php\/rejoignez-notre-equipe-de-soutien-scolaire\/\" \/>\n<meta property=\"og:locale\" content=\"fr_FR\" \/>\n<meta property=\"og:type\" content=\"article\" \/>\n<meta property=\"og:title\" content=\"Equipe de soutien scolaire - Rejoignez-nos !\" \/>\n<meta property=\"og:description\" content=\"EducaTeam - soutien scolaire - primaire - secondaire - enseignants qualifi\u00e9s - soutien personnalis\u00e9 - Rejoignez notre \u00e9quipe !\" \/>\n<meta property=\"og:url\" content=\"https:\/\/educateam.be\/index.php\/rejoignez-notre-equipe-de-soutien-scolaire\/\" \/>\n<meta property=\"article:publisher\" content=\"https:\/\/www.facebook.com\/AsblEducaTeam\/\" \/>\n<meta property=\"article:modified_time\" content=\"2024-01-18T14:02:50+00:00\" \/>\n<meta property=\"og:image\" content=\"https:\/\/educateam.be\/wp-content\/uploads\/2022\/09\/ezgif.com-gif-maker.gif\" \/>\n<meta name=\"twitter:card\" content=\"summary_large_image\" \/>\n<meta name=\"twitter:label1\" content=\"Dur\u00e9e de lecture estim\u00e9e\" \/>\n\t<meta name=\"twitter:data1\" content=\"3 minutes\" \/>\n<script type=\"application\/ld+json\" class=\"yoast-schema-graph\">{\"@context\":\"https:\\\/\\\/schema.org\",\"@graph\":[{\"@type\":\"WebPage\",\"@id\":\"https:\\\/\\\/educateam.be\\\/index.php\\\/rejoignez-notre-equipe-de-soutien-scolaire\\\/\",\"url\":\"https:\\\/\\\/educateam.be\\\/index.php\\\/rejoignez-notre-equipe-de-soutien-scolaire\\\/\",\"name\":\"Equipe de soutien scolaire - Rejoignez-nos !\",\"isPartOf\":{\"@id\":\"https:\\\/\\\/educateam.be\\\/#website\"},\"primaryImageOfPage\":{\"@id\":\"https:\\\/\\\/educateam.be\\\/index.php\\\/rejoignez-notre-equipe-de-soutien-scolaire\\\/#primaryimage\"},\"image\":{\"@id\":\"https:\\\/\\\/educateam.be\\\/index.php\\\/rejoignez-notre-equipe-de-soutien-scolaire\\\/#primaryimage\"},\"thumbnailUrl\":\"https:\\\/\\\/educateam.be\\\/wp-content\\\/uploads\\\/2022\\\/09\\\/ezgif.com-gif-maker.gif\",\"datePublished\":\"2022-09-17T10:33:50+00:00\",\"dateModified\":\"2024-01-18T14:02:50+00:00\",\"description\":\"EducaTeam - soutien scolaire - primaire - secondaire - enseignants qualifi\u00e9s - soutien personnalis\u00e9 - Rejoignez notre \u00e9quipe !\",\"breadcrumb\":{\"@id\":\"https:\\\/\\\/educateam.be\\\/index.php\\\/rejoignez-notre-equipe-de-soutien-scolaire\\\/#breadcrumb\"},\"inLanguage\":\"fr-FR\",\"potentialAction\":[{\"@type\":\"ReadAction\",\"target\":[\"https:\\\/\\\/educateam.be\\\/index.php\\\/rejoignez-notre-equipe-de-soutien-scolaire\\\/\"]}]},{\"@type\":\"ImageObject\",\"inLanguage\":\"fr-FR\",\"@id\":\"https:\\\/\\\/educateam.be\\\/index.php\\\/rejoignez-notre-equipe-de-soutien-scolaire\\\/#primaryimage\",\"url\":\"https:\\\/\\\/educateam.be\\\/wp-content\\\/uploads\\\/2022\\\/09\\\/ezgif.com-gif-maker.gif\",\"contentUrl\":\"https:\\\/\\\/educateam.be\\\/wp-content\\\/uploads\\\/2022\\\/09\\\/ezgif.com-gif-maker.gif\",\"width\":1637,\"height\":924},{\"@type\":\"BreadcrumbList\",\"@id\":\"https:\\\/\\\/educateam.be\\\/index.php\\\/rejoignez-notre-equipe-de-soutien-scolaire\\\/#breadcrumb\",\"itemListElement\":[{\"@type\":\"ListItem\",\"position\":1,\"name\":\"Accueil\",\"item\":\"https:\\\/\\\/educateam.be\\\/\"},{\"@type\":\"ListItem\",\"position\":2,\"name\":\"Rejoignez l&rsquo;\u00e9quipe !\"}]},{\"@type\":\"WebSite\",\"@id\":\"https:\\\/\\\/educateam.be\\\/#website\",\"url\":\"https:\\\/\\\/educateam.be\\\/\",\"name\":\"Educateam\",\"description\":\"\",\"publisher\":{\"@id\":\"https:\\\/\\\/educateam.be\\\/#organization\"},\"potentialAction\":[{\"@type\":\"SearchAction\",\"target\":{\"@type\":\"EntryPoint\",\"urlTemplate\":\"https:\\\/\\\/educateam.be\\\/?s={search_term_string}\"},\"query-input\":{\"@type\":\"PropertyValueSpecification\",\"valueRequired\":true,\"valueName\":\"search_term_string\"}}],\"inLanguage\":\"fr-FR\"},{\"@type\":\"Organization\",\"@id\":\"https:\\\/\\\/educateam.be\\\/#organization\",\"name\":\"Educateam\",\"url\":\"https:\\\/\\\/educateam.be\\\/\",\"logo\":{\"@type\":\"ImageObject\",\"inLanguage\":\"fr-FR\",\"@id\":\"https:\\\/\\\/educateam.be\\\/#\\\/schema\\\/logo\\\/image\\\/\",\"url\":\"https:\\\/\\\/educateam.be\\\/wp-content\\\/uploads\\\/2021\\\/11\\\/54402640_2155408334580365_4841115895705108480_n.png\",\"contentUrl\":\"https:\\\/\\\/educateam.be\\\/wp-content\\\/uploads\\\/2021\\\/11\\\/54402640_2155408334580365_4841115895705108480_n.png\",\"width\":1013,\"height\":659,\"caption\":\"Educateam\"},\"image\":{\"@id\":\"https:\\\/\\\/educateam.be\\\/#\\\/schema\\\/logo\\\/image\\\/\"},\"sameAs\":[\"https:\\\/\\\/www.facebook.com\\\/AsblEducaTeam\\\/\"]}]}<\/script>\n<!-- \/ Yoast SEO plugin. -->","yoast_head_json":{"title":"Equipe de soutien scolaire - Rejoignez-nos !","description":"EducaTeam - soutien scolaire - primaire - secondaire - enseignants qualifi\u00e9s - soutien personnalis\u00e9 - Rejoignez notre \u00e9quipe !","robots":{"index":"index","follow":"follow","max-snippet":"max-snippet:-1","max-image-preview":"max-image-preview:large","max-video-preview":"max-video-preview:-1"},"canonical":"https:\/\/educateam.be\/index.php\/rejoignez-notre-equipe-de-soutien-scolaire\/","og_locale":"fr_FR","og_type":"article","og_title":"Equipe de soutien scolaire - Rejoignez-nos !","og_description":"EducaTeam - soutien scolaire - primaire - secondaire - enseignants qualifi\u00e9s - soutien personnalis\u00e9 - Rejoignez notre \u00e9quipe !","og_url":"https:\/\/educateam.be\/index.php\/rejoignez-notre-equipe-de-soutien-scolaire\/","article_publisher":"https:\/\/www.facebook.com\/AsblEducaTeam\/","article_modified_time":"2024-01-18T14:02:50+00:00","og_image":[{"url":"https:\/\/educateam.be\/wp-content\/uploads\/2022\/09\/ezgif.com-gif-maker.gif","type":"","width":"","height":""}],"twitter_card":"summary_large_image","twitter_misc":{"Dur\u00e9e de lecture estim\u00e9e":"3 minutes"},"schema":{"@context":"https:\/\/schema.org","@graph":[{"@type":"WebPage","@id":"https:\/\/educateam.be\/index.php\/rejoignez-notre-equipe-de-soutien-scolaire\/","url":"https:\/\/educateam.be\/index.php\/rejoignez-notre-equipe-de-soutien-scolaire\/","name":"Equipe de soutien scolaire - Rejoignez-nos !","isPartOf":{"@id":"https:\/\/educateam.be\/#website"},"primaryImageOfPage":{"@id":"https:\/\/educateam.be\/index.php\/rejoignez-notre-equipe-de-soutien-scolaire\/#primaryimage"},"image":{"@id":"https:\/\/educateam.be\/index.php\/rejoignez-notre-equipe-de-soutien-scolaire\/#primaryimage"},"thumbnailUrl":"https:\/\/educateam.be\/wp-content\/uploads\/2022\/09\/ezgif.com-gif-maker.gif","datePublished":"2022-09-17T10:33:50+00:00","dateModified":"2024-01-18T14:02:50+00:00","description":"EducaTeam - soutien scolaire - primaire - secondaire - enseignants qualifi\u00e9s - soutien personnalis\u00e9 - Rejoignez notre \u00e9quipe !","breadcrumb":{"@id":"https:\/\/educateam.be\/index.php\/rejoignez-notre-equipe-de-soutien-scolaire\/#breadcrumb"},"inLanguage":"fr-FR","potentialAction":[{"@type":"ReadAction","target":["https:\/\/educateam.be\/index.php\/rejoignez-notre-equipe-de-soutien-scolaire\/"]}]},{"@type":"ImageObject","inLanguage":"fr-FR","@id":"https:\/\/educateam.be\/index.php\/rejoignez-notre-equipe-de-soutien-scolaire\/#primaryimage","url":"https:\/\/educateam.be\/wp-content\/uploads\/2022\/09\/ezgif.com-gif-maker.gif","contentUrl":"https:\/\/educateam.be\/wp-content\/uploads\/2022\/09\/ezgif.com-gif-maker.gif","width":1637,"height":924},{"@type":"BreadcrumbList","@id":"https:\/\/educateam.be\/index.php\/rejoignez-notre-equipe-de-soutien-scolaire\/#breadcrumb","itemListElement":[{"@type":"ListItem","position":1,"name":"Accueil","item":"https:\/\/educateam.be\/"},{"@type":"ListItem","position":2,"name":"Rejoignez l&rsquo;\u00e9quipe !"}]},{"@type":"WebSite","@id":"https:\/\/educateam.be\/#website","url":"https:\/\/educateam.be\/","name":"Educateam","description":"","publisher":{"@id":"https:\/\/educateam.be\/#organization"},"potentialAction":[{"@type":"SearchAction","target":{"@type":"EntryPoint","urlTemplate":"https:\/\/educateam.be\/?s={search_term_string}"},"query-input":{"@type":"PropertyValueSpecification","valueRequired":true,"valueName":"search_term_string"}}],"inLanguage":"fr-FR"},{"@type":"Organization","@id":"https:\/\/educateam.be\/#organization","name":"Educateam","url":"https:\/\/educateam.be\/","logo":{"@type":"ImageObject","inLanguage":"fr-FR","@id":"https:\/\/educateam.be\/#\/schema\/logo\/image\/","url":"https:\/\/educateam.be\/wp-content\/uploads\/2021\/11\/54402640_2155408334580365_4841115895705108480_n.png","contentUrl":"https:\/\/educateam.be\/wp-content\/uploads\/2021\/11\/54402640_2155408334580365_4841115895705108480_n.png","width":1013,"height":659,"caption":"Educateam"},"image":{"@id":"https:\/\/educateam.be\/#\/schema\/logo\/image\/"},"sameAs":["https:\/\/www.facebook.com\/AsblEducaTeam\/"]}]}},"_links":{"self":[{"href":"https:\/\/educateam.be\/index.php\/wp-json\/wp\/v2\/pages\/1035","targetHints":{"allow":["GET"]}}],"collection":[{"href":"https:\/\/educateam.be\/index.php\/wp-json\/wp\/v2\/pages"}],"about":[{"href":"https:\/\/educateam.be\/index.php\/wp-json\/wp\/v2\/types\/page"}],"author":[{"embeddable":true,"href":"https:\/\/educateam.be\/index.php\/wp-json\/wp\/v2\/users\/1"}],"replies":[{"embeddable":true,"href":"https:\/\/educateam.be\/index.php\/wp-json\/wp\/v2\/comments?post=1035"}],"version-history":[{"count":15,"href":"https:\/\/educateam.be\/index.php\/wp-json\/wp\/v2\/pages\/1035\/revisions"}],"predecessor-version":[{"id":1180,"href":"https:\/\/educateam.be\/index.php\/wp-json\/wp\/v2\/pages\/1035\/revisions\/1180"}],"wp:attachment":[{"href":"https:\/\/educateam.be\/index.php\/wp-json\/wp\/v2\/media?parent=1035"}],"curies":[{"name":"wp","href":"https:\/\/api.w.org\/{rel}","templated":true}]}}