{"id":2,"date":"2019-01-27T15:50:25","date_gmt":"2019-01-27T14:50:25","guid":{"rendered":"http:\/\/educateam.be\/?page_id=2"},"modified":"2023-03-12T20:15:11","modified_gmt":"2023-03-12T19:15:11","slug":"soutien-scolaire","status":"publish","type":"page","link":"https:\/\/educateam.be\/index.php\/soutien-scolaire\/","title":{"rendered":"Fonctionnement"},"content":{"rendered":"\n<h2 class=\"wp-block-heading\">Organisation pratique de notre soutien scolaire<\/h2>\n\n\n\n<p>Les ateliers de soutien scolaire organis\u00e9s par notre asbl se d\u00e9roulent durant <strong>5 p\u00e9riodes<\/strong>, chacune d&rsquo;elles se situant entre deux p\u00e9riodes de cong\u00e9s scolaires. Vous pouvez consulter le calendrier de cette ann\u00e9e scolaire sur <a href=\"https:\/\/educateam.be\/index.php\/modules-et-tarifs\/\">cette page<\/a>.<\/p>\n\n\n\n<p>Les cours se donnent durant <strong>2 heures<\/strong> le <strong>mercredi apr\u00e8s-midi<\/strong> et\/ou le <strong>samedi matin<\/strong> au sein des locaux de l&rsquo;\u00e9cole partenaire.<\/p>\n\n\n\n<h2 class=\"wp-block-heading\">Que font les \u00e9l\u00e8ves durant ces cours de soutien scolaire ?<\/h2>\n\n\n\n<p>Chaque semaine, durant ces deux heures, les \u00e9l\u00e8ves sont r\u00e9partis en <strong>groupes de maximum 5 \u00e9l\u00e8ves<\/strong>. Des enseignant\u00b7e\u00b7s de la branche concern\u00e9e r\u00e9pondent <strong>individuellement<\/strong> \u00e0 leurs questions, rem\u00e9dient aux lacunes observ\u00e9es et d\u00e9veloppent la m\u00e9thode de travail. Cette mani\u00e8re de fonctionner conf\u00e8re <strong>dynamisme<\/strong> et <strong>convivialit\u00e9<\/strong> aux ateliers.<\/p>\n\n\n\n<h2 class=\"wp-block-heading\">Des enseignant\u00b7e\u00b7s qualifi\u00e9\u00b7e\u00b7s et exp\u00e9riment\u00e9\u00b7e\u00b7s<\/h2>\n\n\n\n<p>L&rsquo;ASBL EducaTeam met un point d&rsquo;honneur \u00e0 ne travailler qu&rsquo;avec des enseignant\u00b7e\u00b7s qualifi\u00e9\u00b7e\u00b7s et ayant une exp\u00e9rience concr\u00e8te dans la rem\u00e9diation et le soutien individualis\u00e9. C&rsquo;est pourquoi tout nouvel enseignant est accompagn\u00e9 durant ses premi\u00e8res s\u00e9ances. Enfin, notre \u00e9quipe veille \u00e9galement au cadre l\u00e9gal : nos professeurs ne donnent jamais cours \u00e0 leurs propres \u00e9l\u00e8ves durant les ateliers. Vous enseignez ? Tout cela vous parle et vous aimeriez rejoindre notre super \u00e9quipe ? N&rsquo;h\u00e9sitez plus et <a href=\"https:\/\/educateam.be\/index.php\/rejoignez-lequipe\/\">posez votre candidature<\/a> ! <\/p>\n\n\n\n<h2 class=\"wp-block-heading\">O\u00f9 nous trouver ?<\/h2>\n\n\n\n<p>L&rsquo;asbl EducaTeam est pr\u00e9sente en Wallonie et \u00e0 Bruxelles, vous trouverez l&rsquo;ensemble de nos centres sur <a href=\"https:\/\/educateam.be\/index.php\/nos-centres\/\">cette page<\/a>. N&rsquo;h\u00e9sitez pas \u00e0 la consulter ou \u00e0 nous contacter si vous souhaitez \u00e9tablir un partenariat ! <\/p>\n\n\n\n<h2 class=\"wp-block-heading\">Besoin de soutien durant les vacances ? Vous pouvez compter sur notre partenaire !<\/h2>\n\n\n\n<p>Vous recherchez des cours de soutien pendant les <strong>vacances de P\u00e2ques<\/strong> et au mois d&rsquo;<strong>ao\u00fbt<\/strong> ?<br>Notre partenaire <a href=\"https:\/\/www.jsb.be\/home3.asp?ClubID=64&amp;LG=FR\" target=\"_blank\" rel=\"noopener\">Les Jeunesses Scientifiques de Belgique<\/a> propose les ateliers <a href=\"https:\/\/www.echecalechec.be\/\" target=\"_blank\" rel=\"noopener\">Echec \u00e0 l&rsquo;\u00e9chec<\/a>.<\/p>\n\n\n\n<figure class=\"wp-block-image size-large\"><img loading=\"lazy\" decoding=\"async\" width=\"1024\" height=\"576\" src=\"https:\/\/educateam.be\/wp-content\/uploads\/2023\/02\/Sans-titre-1024x576.png\" alt=\"EducaTeam ASBL de soutien scolaire - Fonctionnement\" class=\"wp-image-1064\" srcset=\"https:\/\/educateam.be\/wp-content\/uploads\/2023\/02\/Sans-titre-1024x576.png 1024w, https:\/\/educateam.be\/wp-content\/uploads\/2023\/02\/Sans-titre-300x169.png 300w, https:\/\/educateam.be\/wp-content\/uploads\/2023\/02\/Sans-titre-768x432.png 768w, https:\/\/educateam.be\/wp-content\/uploads\/2023\/02\/Sans-titre.png 1366w\" sizes=\"auto, (max-width: 1024px) 100vw, 1024px\" \/><\/figure>\n\n\n\n<p>Besoin d&rsquo;une <strong>information compl\u00e9mentaire<\/strong> ? Alors n&rsquo;h\u00e9sitez plus, <a href=\"http:\/\/educateam.be\/index.php\/contact\/\">contactez-nous !<\/a> Vous pouvez \u00e9galement nous suivre sur les r\u00e9seaux sociaux : <a href=\"https:\/\/www.facebook.com\/AsblEducaTeam\">Facebook<\/a> &#8211; <a href=\"https:\/\/www.instagram.com\/educateam2021\/\">Instagram<\/a> &#8211; <a href=\"https:\/\/www.linkedin.com\/company\/educateam\/\">LinkedIn<\/a>.<\/p>\n\n\n\n<blockquote class=\"wp-block-quote is-layout-flow wp-block-quote-is-layout-flow\">\n<p>EducaTeam &#8211; Le soutien scolaire, notre savoir-faire.<\/p>\n<\/blockquote>\n","protected":false},"excerpt":{"rendered":"<p class=\"qua-blog-post-description\">Organisation pratique de notre soutien scolaire Les ateliers de soutien scolaire organis\u00e9s par notre asbl se d\u00e9roulent durant 5 p\u00e9riodes, chacune d&rsquo;elles se situant entre deux p\u00e9riodes de cong\u00e9s scolaires. Vous pouvez consulter le calendrier de cette ann\u00e9e scolaire sur cette page. Les cours se donnent durant 2 heures le mercredi apr\u00e8s-midi et\/ou le samedi [&hellip;]<\/p>\n","protected":false},"author":1,"featured_media":0,"parent":0,"menu_order":0,"comment_status":"closed","ping_status":"open","template":"","meta":{"footnotes":""},"class_list":["post-2","page","type-page","status-publish","hentry"],"yoast_head":"<!-- This site is optimized with the Yoast SEO plugin v27.3 - https:\/\/yoast.com\/product\/yoast-seo-wordpress\/ -->\n<title>Soutien scolaire - Rem\u00e9diation - Fonctionnement<\/title>\n<meta name=\"description\" content=\"EducaTeam - soutien scolaire - primaire - secondaire - enseignants qualifi\u00e9s - soutien personnalis\u00e9 - m\u00e9thode de travail\" \/>\n<meta name=\"robots\" content=\"index, follow, max-snippet:-1, max-image-preview:large, max-video-preview:-1\" \/>\n<link rel=\"canonical\" href=\"https:\/\/educateam.be\/index.php\/soutien-scolaire\/\" \/>\n<meta property=\"og:locale\" content=\"fr_FR\" \/>\n<meta property=\"og:type\" content=\"article\" \/>\n<meta property=\"og:title\" content=\"Soutien scolaire - Rem\u00e9diation - Fonctionnement\" \/>\n<meta property=\"og:description\" content=\"EducaTeam - soutien scolaire - primaire - secondaire - enseignants qualifi\u00e9s - soutien personnalis\u00e9 - m\u00e9thode de travail\" \/>\n<meta property=\"og:url\" content=\"https:\/\/educateam.be\/index.php\/soutien-scolaire\/\" \/>\n<meta property=\"article:publisher\" content=\"https:\/\/www.facebook.com\/AsblEducaTeam\/\" \/>\n<meta property=\"article:modified_time\" content=\"2023-03-12T19:15:11+00:00\" \/>\n<meta property=\"og:image\" content=\"https:\/\/educateam.be\/wp-content\/uploads\/2023\/02\/Sans-titre.png\" \/>\n\t<meta property=\"og:image:width\" content=\"1366\" \/>\n\t<meta property=\"og:image:height\" content=\"768\" \/>\n\t<meta property=\"og:image:type\" content=\"image\/png\" \/>\n<meta name=\"twitter:card\" content=\"summary_large_image\" \/>\n<meta name=\"twitter:label1\" content=\"Dur\u00e9e de lecture estim\u00e9e\" \/>\n\t<meta name=\"twitter:data1\" content=\"2 minutes\" \/>\n<script type=\"application\/ld+json\" class=\"yoast-schema-graph\">{\"@context\":\"https:\\\/\\\/schema.org\",\"@graph\":[{\"@type\":\"Article\",\"@id\":\"https:\\\/\\\/educateam.be\\\/index.php\\\/soutien-scolaire\\\/#article\",\"isPartOf\":{\"@id\":\"https:\\\/\\\/educateam.be\\\/index.php\\\/soutien-scolaire\\\/\"},\"author\":{\"name\":\"EducaTeam Admin\",\"@id\":\"https:\\\/\\\/educateam.be\\\/#\\\/schema\\\/person\\\/f5b531ccb704c132394112e82cacc87b\"},\"headline\":\"Fonctionnement\",\"datePublished\":\"2019-01-27T14:50:25+00:00\",\"dateModified\":\"2023-03-12T19:15:11+00:00\",\"mainEntityOfPage\":{\"@id\":\"https:\\\/\\\/educateam.be\\\/index.php\\\/soutien-scolaire\\\/\"},\"wordCount\":359,\"publisher\":{\"@id\":\"https:\\\/\\\/educateam.be\\\/#organization\"},\"image\":{\"@id\":\"https:\\\/\\\/educateam.be\\\/index.php\\\/soutien-scolaire\\\/#primaryimage\"},\"thumbnailUrl\":\"https:\\\/\\\/educateam.be\\\/wp-content\\\/uploads\\\/2023\\\/02\\\/Sans-titre-1024x576.png\",\"inLanguage\":\"fr-FR\"},{\"@type\":[\"WebPage\",\"AboutPage\"],\"@id\":\"https:\\\/\\\/educateam.be\\\/index.php\\\/soutien-scolaire\\\/\",\"url\":\"https:\\\/\\\/educateam.be\\\/index.php\\\/soutien-scolaire\\\/\",\"name\":\"Soutien scolaire - Rem\u00e9diation - Fonctionnement\",\"isPartOf\":{\"@id\":\"https:\\\/\\\/educateam.be\\\/#website\"},\"primaryImageOfPage\":{\"@id\":\"https:\\\/\\\/educateam.be\\\/index.php\\\/soutien-scolaire\\\/#primaryimage\"},\"image\":{\"@id\":\"https:\\\/\\\/educateam.be\\\/index.php\\\/soutien-scolaire\\\/#primaryimage\"},\"thumbnailUrl\":\"https:\\\/\\\/educateam.be\\\/wp-content\\\/uploads\\\/2023\\\/02\\\/Sans-titre-1024x576.png\",\"datePublished\":\"2019-01-27T14:50:25+00:00\",\"dateModified\":\"2023-03-12T19:15:11+00:00\",\"description\":\"EducaTeam - soutien scolaire - primaire - secondaire - enseignants qualifi\u00e9s - soutien personnalis\u00e9 - m\u00e9thode de travail\",\"breadcrumb\":{\"@id\":\"https:\\\/\\\/educateam.be\\\/index.php\\\/soutien-scolaire\\\/#breadcrumb\"},\"inLanguage\":\"fr-FR\",\"potentialAction\":[{\"@type\":\"ReadAction\",\"target\":[\"https:\\\/\\\/educateam.be\\\/index.php\\\/soutien-scolaire\\\/\"]}]},{\"@type\":\"ImageObject\",\"inLanguage\":\"fr-FR\",\"@id\":\"https:\\\/\\\/educateam.be\\\/index.php\\\/soutien-scolaire\\\/#primaryimage\",\"url\":\"https:\\\/\\\/educateam.be\\\/wp-content\\\/uploads\\\/2023\\\/02\\\/Sans-titre.png\",\"contentUrl\":\"https:\\\/\\\/educateam.be\\\/wp-content\\\/uploads\\\/2023\\\/02\\\/Sans-titre.png\",\"width\":1366,\"height\":768},{\"@type\":\"BreadcrumbList\",\"@id\":\"https:\\\/\\\/educateam.be\\\/index.php\\\/soutien-scolaire\\\/#breadcrumb\",\"itemListElement\":[{\"@type\":\"ListItem\",\"position\":1,\"name\":\"Accueil\",\"item\":\"https:\\\/\\\/educateam.be\\\/\"},{\"@type\":\"ListItem\",\"position\":2,\"name\":\"Fonctionnement\"}]},{\"@type\":\"WebSite\",\"@id\":\"https:\\\/\\\/educateam.be\\\/#website\",\"url\":\"https:\\\/\\\/educateam.be\\\/\",\"name\":\"Educateam\",\"description\":\"\",\"publisher\":{\"@id\":\"https:\\\/\\\/educateam.be\\\/#organization\"},\"potentialAction\":[{\"@type\":\"SearchAction\",\"target\":{\"@type\":\"EntryPoint\",\"urlTemplate\":\"https:\\\/\\\/educateam.be\\\/?s={search_term_string}\"},\"query-input\":{\"@type\":\"PropertyValueSpecification\",\"valueRequired\":true,\"valueName\":\"search_term_string\"}}],\"inLanguage\":\"fr-FR\"},{\"@type\":\"Organization\",\"@id\":\"https:\\\/\\\/educateam.be\\\/#organization\",\"name\":\"Educateam\",\"url\":\"https:\\\/\\\/educateam.be\\\/\",\"logo\":{\"@type\":\"ImageObject\",\"inLanguage\":\"fr-FR\",\"@id\":\"https:\\\/\\\/educateam.be\\\/#\\\/schema\\\/logo\\\/image\\\/\",\"url\":\"https:\\\/\\\/educateam.be\\\/wp-content\\\/uploads\\\/2021\\\/11\\\/54402640_2155408334580365_4841115895705108480_n.png\",\"contentUrl\":\"https:\\\/\\\/educateam.be\\\/wp-content\\\/uploads\\\/2021\\\/11\\\/54402640_2155408334580365_4841115895705108480_n.png\",\"width\":1013,\"height\":659,\"caption\":\"Educateam\"},\"image\":{\"@id\":\"https:\\\/\\\/educateam.be\\\/#\\\/schema\\\/logo\\\/image\\\/\"},\"sameAs\":[\"https:\\\/\\\/www.facebook.com\\\/AsblEducaTeam\\\/\"]},{\"@type\":\"Person\",\"@id\":\"https:\\\/\\\/educateam.be\\\/#\\\/schema\\\/person\\\/f5b531ccb704c132394112e82cacc87b\",\"name\":\"EducaTeam Admin\",\"image\":{\"@type\":\"ImageObject\",\"inLanguage\":\"fr-FR\",\"@id\":\"\\\/\\\/educateam.be\\\/wp-content\\\/uploads\\\/wpforo\\\/avatars\\\/admin1569_1.png\",\"url\":\"\\\/\\\/educateam.be\\\/wp-content\\\/uploads\\\/wpforo\\\/avatars\\\/admin1569_1.png\",\"contentUrl\":\"\\\/\\\/educateam.be\\\/wp-content\\\/uploads\\\/wpforo\\\/avatars\\\/admin1569_1.png\",\"caption\":\"EducaTeam Admin\"},\"sameAs\":[\"http:\\\/\\\/educateam.be\",\"https:\\\/\\\/www.facebook.com\\\/AsblEducaTeam\\\/\"],\"url\":\"https:\\\/\\\/educateam.be\\\/index.php\\\/author\\\/admin\\\/\"}]}<\/script>\n<!-- \/ Yoast SEO plugin. -->","yoast_head_json":{"title":"Soutien scolaire - Rem\u00e9diation - Fonctionnement","description":"EducaTeam - soutien scolaire - primaire - secondaire - enseignants qualifi\u00e9s - soutien personnalis\u00e9 - m\u00e9thode de travail","robots":{"index":"index","follow":"follow","max-snippet":"max-snippet:-1","max-image-preview":"max-image-preview:large","max-video-preview":"max-video-preview:-1"},"canonical":"https:\/\/educateam.be\/index.php\/soutien-scolaire\/","og_locale":"fr_FR","og_type":"article","og_title":"Soutien scolaire - Rem\u00e9diation - Fonctionnement","og_description":"EducaTeam - soutien scolaire - primaire - secondaire - enseignants qualifi\u00e9s - soutien personnalis\u00e9 - m\u00e9thode de travail","og_url":"https:\/\/educateam.be\/index.php\/soutien-scolaire\/","article_publisher":"https:\/\/www.facebook.com\/AsblEducaTeam\/","article_modified_time":"2023-03-12T19:15:11+00:00","og_image":[{"width":1366,"height":768,"url":"https:\/\/educateam.be\/wp-content\/uploads\/2023\/02\/Sans-titre.png","type":"image\/png"}],"twitter_card":"summary_large_image","twitter_misc":{"Dur\u00e9e de lecture estim\u00e9e":"2 minutes"},"schema":{"@context":"https:\/\/schema.org","@graph":[{"@type":"Article","@id":"https:\/\/educateam.be\/index.php\/soutien-scolaire\/#article","isPartOf":{"@id":"https:\/\/educateam.be\/index.php\/soutien-scolaire\/"},"author":{"name":"EducaTeam Admin","@id":"https:\/\/educateam.be\/#\/schema\/person\/f5b531ccb704c132394112e82cacc87b"},"headline":"Fonctionnement","datePublished":"2019-01-27T14:50:25+00:00","dateModified":"2023-03-12T19:15:11+00:00","mainEntityOfPage":{"@id":"https:\/\/educateam.be\/index.php\/soutien-scolaire\/"},"wordCount":359,"publisher":{"@id":"https:\/\/educateam.be\/#organization"},"image":{"@id":"https:\/\/educateam.be\/index.php\/soutien-scolaire\/#primaryimage"},"thumbnailUrl":"https:\/\/educateam.be\/wp-content\/uploads\/2023\/02\/Sans-titre-1024x576.png","inLanguage":"fr-FR"},{"@type":["WebPage","AboutPage"],"@id":"https:\/\/educateam.be\/index.php\/soutien-scolaire\/","url":"https:\/\/educateam.be\/index.php\/soutien-scolaire\/","name":"Soutien scolaire - Rem\u00e9diation - Fonctionnement","isPartOf":{"@id":"https:\/\/educateam.be\/#website"},"primaryImageOfPage":{"@id":"https:\/\/educateam.be\/index.php\/soutien-scolaire\/#primaryimage"},"image":{"@id":"https:\/\/educateam.be\/index.php\/soutien-scolaire\/#primaryimage"},"thumbnailUrl":"https:\/\/educateam.be\/wp-content\/uploads\/2023\/02\/Sans-titre-1024x576.png","datePublished":"2019-01-27T14:50:25+00:00","dateModified":"2023-03-12T19:15:11+00:00","description":"EducaTeam - soutien scolaire - primaire - secondaire - enseignants qualifi\u00e9s - soutien personnalis\u00e9 - m\u00e9thode de travail","breadcrumb":{"@id":"https:\/\/educateam.be\/index.php\/soutien-scolaire\/#breadcrumb"},"inLanguage":"fr-FR","potentialAction":[{"@type":"ReadAction","target":["https:\/\/educateam.be\/index.php\/soutien-scolaire\/"]}]},{"@type":"ImageObject","inLanguage":"fr-FR","@id":"https:\/\/educateam.be\/index.php\/soutien-scolaire\/#primaryimage","url":"https:\/\/educateam.be\/wp-content\/uploads\/2023\/02\/Sans-titre.png","contentUrl":"https:\/\/educateam.be\/wp-content\/uploads\/2023\/02\/Sans-titre.png","width":1366,"height":768},{"@type":"BreadcrumbList","@id":"https:\/\/educateam.be\/index.php\/soutien-scolaire\/#breadcrumb","itemListElement":[{"@type":"ListItem","position":1,"name":"Accueil","item":"https:\/\/educateam.be\/"},{"@type":"ListItem","position":2,"name":"Fonctionnement"}]},{"@type":"WebSite","@id":"https:\/\/educateam.be\/#website","url":"https:\/\/educateam.be\/","name":"Educateam","description":"","publisher":{"@id":"https:\/\/educateam.be\/#organization"},"potentialAction":[{"@type":"SearchAction","target":{"@type":"EntryPoint","urlTemplate":"https:\/\/educateam.be\/?s={search_term_string}"},"query-input":{"@type":"PropertyValueSpecification","valueRequired":true,"valueName":"search_term_string"}}],"inLanguage":"fr-FR"},{"@type":"Organization","@id":"https:\/\/educateam.be\/#organization","name":"Educateam","url":"https:\/\/educateam.be\/","logo":{"@type":"ImageObject","inLanguage":"fr-FR","@id":"https:\/\/educateam.be\/#\/schema\/logo\/image\/","url":"https:\/\/educateam.be\/wp-content\/uploads\/2021\/11\/54402640_2155408334580365_4841115895705108480_n.png","contentUrl":"https:\/\/educateam.be\/wp-content\/uploads\/2021\/11\/54402640_2155408334580365_4841115895705108480_n.png","width":1013,"height":659,"caption":"Educateam"},"image":{"@id":"https:\/\/educateam.be\/#\/schema\/logo\/image\/"},"sameAs":["https:\/\/www.facebook.com\/AsblEducaTeam\/"]},{"@type":"Person","@id":"https:\/\/educateam.be\/#\/schema\/person\/f5b531ccb704c132394112e82cacc87b","name":"EducaTeam Admin","image":{"@type":"ImageObject","inLanguage":"fr-FR","@id":"\/\/educateam.be\/wp-content\/uploads\/wpforo\/avatars\/admin1569_1.png","url":"\/\/educateam.be\/wp-content\/uploads\/wpforo\/avatars\/admin1569_1.png","contentUrl":"\/\/educateam.be\/wp-content\/uploads\/wpforo\/avatars\/admin1569_1.png","caption":"EducaTeam Admin"},"sameAs":["http:\/\/educateam.be","https:\/\/www.facebook.com\/AsblEducaTeam\/"],"url":"https:\/\/educateam.be\/index.php\/author\/admin\/"}]}},"_links":{"self":[{"href":"https:\/\/educateam.be\/index.php\/wp-json\/wp\/v2\/pages\/2","targetHints":{"allow":["GET"]}}],"collection":[{"href":"https:\/\/educateam.be\/index.php\/wp-json\/wp\/v2\/pages"}],"about":[{"href":"https:\/\/educateam.be\/index.php\/wp-json\/wp\/v2\/types\/page"}],"author":[{"embeddable":true,"href":"https:\/\/educateam.be\/index.php\/wp-json\/wp\/v2\/users\/1"}],"replies":[{"embeddable":true,"href":"https:\/\/educateam.be\/index.php\/wp-json\/wp\/v2\/comments?post=2"}],"version-history":[{"count":25,"href":"https:\/\/educateam.be\/index.php\/wp-json\/wp\/v2\/pages\/2\/revisions"}],"predecessor-version":[{"id":1115,"href":"https:\/\/educateam.be\/index.php\/wp-json\/wp\/v2\/pages\/2\/revisions\/1115"}],"wp:attachment":[{"href":"https:\/\/educateam.be\/index.php\/wp-json\/wp\/v2\/media?parent=2"}],"curies":[{"name":"wp","href":"https:\/\/api.w.org\/{rel}","templated":true}]}}