{"id":231,"date":"2019-11-18T22:22:53","date_gmt":"2019-11-18T21:22:53","guid":{"rendered":"http:\/\/educateam.be\/?page_id=231"},"modified":"2019-11-19T16:47:43","modified_gmt":"2019-11-19T15:47:43","slug":"isu-dour","status":"publish","type":"page","link":"https:\/\/educateam.be\/index.php\/presentation-de-nos-centres\/isu-dour\/","title":{"rendered":"L&rsquo;institut \u00ab\u00a0La Sainte-Union\u00a0\u00bb"},"content":{"rendered":"\n<div class=\"wp-block-cover\" style=\"background-image:url(https:\/\/educateam.be\/wp-content\/uploads\/2019\/11\/modules.jpg);background-position:11.059907834101383% 70.72072072072072%\"><div class=\"wp-block-cover__inner-container is-layout-flow wp-block-cover-is-layout-flow\">\n<p class=\"has-text-align-center has-large-font-size\"><\/p>\n<\/div><\/div>\n\n\n\n<h2 class=\"wp-block-heading\">Projet d&rsquo;\u00e9tablissement<\/h2>\n\n\n\n<p>La Sainte-Union propose un enseignement secondaire de transition g\u00e9n\u00e9ral et technique ainsi qu&rsquo;un enseignement secondaire technique de qualification et professionnel.<\/p>\n\n\n\n<p>L&rsquo;institut met tout en \u0153uvre afin d&rsquo;assurer la transition du fondamental au secondaire, du premier degr\u00e9 au troisi\u00e8me degr\u00e9 du secondaire ainsi que du secondaire au sup\u00e9rieur. En assurant \u00e0 tous ses \u00e9l\u00e8ves des \u00e9changes \u00e9gaux d&rsquo;\u00e9mancipation sociale ainsi que des occasions d&rsquo;\u00e9panouissement.<\/p>\n\n\n\n<p>L&rsquo;\u00e9tablissement propose \u00e9galement une \u00e9cole des devoirs et des ateliers. La Sainte-Union attache une importance toute particuli\u00e8re au bien-\u00eatre de ses \u00e9l\u00e8ves, favorisant l&rsquo;entraide entre ces derniers ainsi que la bienveillance de son \u00e9quipe p\u00e9dagogique.<\/p>\n\n\n\n<p>Enfin, l&rsquo;Institut La Sainte-Union vise \u00e0 d\u00e9velopper l&rsquo;apprentissage de la citoyennet\u00e9, \u00e0 am\u00e9liorer la communication interne entre les diff\u00e9rents acteurs, \u00e0 \u00e9duquer \u00e0 la Soci\u00e9t\u00e9 de Communication et aux multim\u00e9dia, \u00e0 faire acqu\u00e9rir les savoirs et comp\u00e9tences n\u00e9cessaires pour favoriser une meilleure insertion \u00e9conomique et sociale du jeune, \u00e0 avoir le souci de l&rsquo;animation pastorale au quotidien, de l&rsquo;\u00eatre humain.<\/p>\n\n\n\n<h2 class=\"wp-block-heading\">Grilles et options<\/h2>\n\n\n\n<ul class=\"wp-block-list\"><li><strong>1\u00e8re ann\u00e9e formation commune et 1\u00e8re diff\u00e9renci\u00e9e<\/strong><\/li><li><strong>2\u00e8me ann\u00e9e formation commune et 2\u00e8me diff\u00e9renci\u00e9e<\/strong> <strong>&#8211; 2\u00e8me S<\/strong><\/li><li><strong>3\u00e8me et 4\u00e8me ann\u00e9es :<\/strong><ul><li><em>Enseignement g\u00e9n\u00e9ral<\/em><ul><li>Sciences 3<\/li><li>Sciences 5<\/li><\/ul><\/li><li><em>Enseignement technique de transition<\/em><ul><li>Sciences sociales et \u00e9ducatives<\/li><\/ul><\/li><li><em>Enseignement technique de qualification<\/em><ul><li>Secr\u00e9tariat tourisme<\/li><\/ul><\/li><li><em>Enseignement professionnel<\/em><ul><li>Services aux personnes<\/li><li>Travaux de bureau<\/li><\/ul><\/li><\/ul><\/li><li><strong>5\u00e8me et 6\u00e8me ann\u00e9es :<\/strong><ul><li><em>Enseignement g\u00e9n\u00e9ral<\/em><ul><li>Math\/Sciences<\/li><li>Litt\u00e9raire<\/li><li>Langues modernes<\/li><\/ul><\/li><li><em>Enseignement technique de transition<\/em><ul><li>Sciences sociales et \u00e9ducatives<\/li><li>Education physique &#8211; Sports collectifs\u00a0<\/li><\/ul><\/li><li><em>Enseignement technique de qualification<\/em><ul><li>Technicien(ne) en comptabilit\u00e9<\/li><\/ul><\/li><li><em>Enseignement professionnel<\/em><ul><li>Aide familiale (5e &#8211; 6e) &#8211; Aide soignante (7e)<\/li><li>Auxiliaire administratif(ve) et d&rsquo;accueil<\/li><li>Gestionnaire de tr\u00e8s petites entreprises (7e)<\/li><\/ul><\/li><\/ul><\/li><\/ul>\n\n\n\n<h2 class=\"wp-block-heading\">Informations &#8211; Contact<\/h2>\n\n\n\n<p>Adresse : Rue du Roi Albert, 10 &#8211; 7370 Dour<\/p>\n\n\n\n<p>T\u00e9l\u00e9phone : 065\/65.28.45<\/p>\n\n\n\n<p>E-Mail : <a href=\"mailto:dani.dagostino@isu-dour.be\">dani.dagostino@isu-dour.be<\/a><\/p>\n\n\n\n<p><a href=\"http:\/\/www.isu-dour.be\/index.html\">Site internet<\/a><\/p>\n\n\n\n<p><a href=\"https:\/\/www.facebook.com\/groups\/159200257950614\/\">Facebook<\/a><\/p>\n","protected":false},"excerpt":{"rendered":"<p class=\"qua-blog-post-description\">Projet d&rsquo;\u00e9tablissement La Sainte-Union propose un enseignement secondaire de transition g\u00e9n\u00e9ral et technique ainsi qu&rsquo;un enseignement secondaire technique de qualification et professionnel. L&rsquo;institut met tout en \u0153uvre afin d&rsquo;assurer la transition du fondamental au secondaire, du premier degr\u00e9 au troisi\u00e8me degr\u00e9 du secondaire ainsi que du secondaire au sup\u00e9rieur. En assurant \u00e0 tous ses \u00e9l\u00e8ves [&hellip;]<\/p>\n","protected":false},"author":1,"featured_media":232,"parent":187,"menu_order":0,"comment_status":"closed","ping_status":"closed","template":"full-width.php","meta":{"footnotes":""},"class_list":["post-231","page","type-page","status-publish","has-post-thumbnail","hentry"],"yoast_head":"<!-- This site is optimized with the Yoast SEO plugin v27.4 - https:\/\/yoast.com\/product\/yoast-seo-wordpress\/ -->\n<title>L&#039;institut &quot;La Sainte-Union&quot; -<\/title>\n<meta name=\"description\" content=\"Pr\u00e9sentation de l&#039;\u00e9tablissement - Projet d&#039;\u00e9tablissement - Grilles et options - Informations et contact\" \/>\n<meta name=\"robots\" content=\"index, follow, max-snippet:-1, max-image-preview:large, max-video-preview:-1\" \/>\n<link rel=\"canonical\" href=\"https:\/\/educateam.be\/index.php\/presentation-de-nos-centres\/isu-dour\/\" \/>\n<meta property=\"og:locale\" content=\"fr_FR\" \/>\n<meta property=\"og:type\" content=\"article\" \/>\n<meta property=\"og:title\" content=\"L&#039;institut &quot;La Sainte-Union&quot; -\" \/>\n<meta property=\"og:description\" content=\"Pr\u00e9sentation de l&#039;\u00e9tablissement - Projet d&#039;\u00e9tablissement - Grilles et options - Informations et contact\" \/>\n<meta property=\"og:url\" content=\"https:\/\/educateam.be\/index.php\/presentation-de-nos-centres\/isu-dour\/\" \/>\n<meta property=\"article:publisher\" content=\"https:\/\/www.facebook.com\/AsblEducaTeam\/\" \/>\n<meta property=\"article:modified_time\" content=\"2019-11-19T15:47:43+00:00\" \/>\n<meta property=\"og:image\" content=\"https:\/\/educateam.be\/wp-content\/uploads\/2019\/11\/modules.jpg\" \/>\n\t<meta property=\"og:image:width\" content=\"1825\" \/>\n\t<meta property=\"og:image:height\" content=\"935\" \/>\n\t<meta property=\"og:image:type\" content=\"image\/jpeg\" \/>\n<meta name=\"twitter:card\" content=\"summary_large_image\" \/>\n<meta name=\"twitter:label1\" content=\"Dur\u00e9e de lecture estim\u00e9e\" \/>\n\t<meta name=\"twitter:data1\" content=\"1 minute\" \/>\n<script type=\"application\/ld+json\" class=\"yoast-schema-graph\">{\"@context\":\"https:\\\/\\\/schema.org\",\"@graph\":[{\"@type\":\"WebPage\",\"@id\":\"https:\\\/\\\/educateam.be\\\/index.php\\\/presentation-de-nos-centres\\\/isu-dour\\\/\",\"url\":\"https:\\\/\\\/educateam.be\\\/index.php\\\/presentation-de-nos-centres\\\/isu-dour\\\/\",\"name\":\"L'institut \\\"La Sainte-Union\\\" -\",\"isPartOf\":{\"@id\":\"https:\\\/\\\/educateam.be\\\/#website\"},\"primaryImageOfPage\":{\"@id\":\"https:\\\/\\\/educateam.be\\\/index.php\\\/presentation-de-nos-centres\\\/isu-dour\\\/#primaryimage\"},\"image\":{\"@id\":\"https:\\\/\\\/educateam.be\\\/index.php\\\/presentation-de-nos-centres\\\/isu-dour\\\/#primaryimage\"},\"thumbnailUrl\":\"https:\\\/\\\/educateam.be\\\/wp-content\\\/uploads\\\/2019\\\/11\\\/modules.jpg\",\"datePublished\":\"2019-11-18T21:22:53+00:00\",\"dateModified\":\"2019-11-19T15:47:43+00:00\",\"description\":\"Pr\u00e9sentation de l'\u00e9tablissement - Projet d'\u00e9tablissement - Grilles et options - Informations et contact\",\"breadcrumb\":{\"@id\":\"https:\\\/\\\/educateam.be\\\/index.php\\\/presentation-de-nos-centres\\\/isu-dour\\\/#breadcrumb\"},\"inLanguage\":\"fr-FR\",\"potentialAction\":[{\"@type\":\"ReadAction\",\"target\":[\"https:\\\/\\\/educateam.be\\\/index.php\\\/presentation-de-nos-centres\\\/isu-dour\\\/\"]}]},{\"@type\":\"ImageObject\",\"inLanguage\":\"fr-FR\",\"@id\":\"https:\\\/\\\/educateam.be\\\/index.php\\\/presentation-de-nos-centres\\\/isu-dour\\\/#primaryimage\",\"url\":\"https:\\\/\\\/educateam.be\\\/wp-content\\\/uploads\\\/2019\\\/11\\\/modules.jpg\",\"contentUrl\":\"https:\\\/\\\/educateam.be\\\/wp-content\\\/uploads\\\/2019\\\/11\\\/modules.jpg\",\"width\":1825,\"height\":935},{\"@type\":\"BreadcrumbList\",\"@id\":\"https:\\\/\\\/educateam.be\\\/index.php\\\/presentation-de-nos-centres\\\/isu-dour\\\/#breadcrumb\",\"itemListElement\":[{\"@type\":\"ListItem\",\"position\":1,\"name\":\"Accueil\",\"item\":\"https:\\\/\\\/educateam.be\\\/\"},{\"@type\":\"ListItem\",\"position\":2,\"name\":\"Pr\u00e9sentation de nos diff\u00e9rents centres\",\"item\":\"https:\\\/\\\/educateam.be\\\/?page_id=187\"},{\"@type\":\"ListItem\",\"position\":3,\"name\":\"L&rsquo;institut \u00ab\u00a0La Sainte-Union\u00a0\u00bb\"}]},{\"@type\":\"WebSite\",\"@id\":\"https:\\\/\\\/educateam.be\\\/#website\",\"url\":\"https:\\\/\\\/educateam.be\\\/\",\"name\":\"Educateam\",\"description\":\"\",\"publisher\":{\"@id\":\"https:\\\/\\\/educateam.be\\\/#organization\"},\"potentialAction\":[{\"@type\":\"SearchAction\",\"target\":{\"@type\":\"EntryPoint\",\"urlTemplate\":\"https:\\\/\\\/educateam.be\\\/?s={search_term_string}\"},\"query-input\":{\"@type\":\"PropertyValueSpecification\",\"valueRequired\":true,\"valueName\":\"search_term_string\"}}],\"inLanguage\":\"fr-FR\"},{\"@type\":\"Organization\",\"@id\":\"https:\\\/\\\/educateam.be\\\/#organization\",\"name\":\"Educateam\",\"url\":\"https:\\\/\\\/educateam.be\\\/\",\"logo\":{\"@type\":\"ImageObject\",\"inLanguage\":\"fr-FR\",\"@id\":\"https:\\\/\\\/educateam.be\\\/#\\\/schema\\\/logo\\\/image\\\/\",\"url\":\"https:\\\/\\\/educateam.be\\\/wp-content\\\/uploads\\\/2021\\\/11\\\/54402640_2155408334580365_4841115895705108480_n.png\",\"contentUrl\":\"https:\\\/\\\/educateam.be\\\/wp-content\\\/uploads\\\/2021\\\/11\\\/54402640_2155408334580365_4841115895705108480_n.png\",\"width\":1013,\"height\":659,\"caption\":\"Educateam\"},\"image\":{\"@id\":\"https:\\\/\\\/educateam.be\\\/#\\\/schema\\\/logo\\\/image\\\/\"},\"sameAs\":[\"https:\\\/\\\/www.facebook.com\\\/AsblEducaTeam\\\/\"]}]}<\/script>\n<!-- \/ Yoast SEO plugin. -->","yoast_head_json":{"title":"L'institut \"La Sainte-Union\" -","description":"Pr\u00e9sentation de l'\u00e9tablissement - Projet d'\u00e9tablissement - Grilles et options - Informations et contact","robots":{"index":"index","follow":"follow","max-snippet":"max-snippet:-1","max-image-preview":"max-image-preview:large","max-video-preview":"max-video-preview:-1"},"canonical":"https:\/\/educateam.be\/index.php\/presentation-de-nos-centres\/isu-dour\/","og_locale":"fr_FR","og_type":"article","og_title":"L'institut \"La Sainte-Union\" -","og_description":"Pr\u00e9sentation de l'\u00e9tablissement - Projet d'\u00e9tablissement - Grilles et options - Informations et contact","og_url":"https:\/\/educateam.be\/index.php\/presentation-de-nos-centres\/isu-dour\/","article_publisher":"https:\/\/www.facebook.com\/AsblEducaTeam\/","article_modified_time":"2019-11-19T15:47:43+00:00","og_image":[{"width":1825,"height":935,"url":"https:\/\/educateam.be\/wp-content\/uploads\/2019\/11\/modules.jpg","type":"image\/jpeg"}],"twitter_card":"summary_large_image","twitter_misc":{"Dur\u00e9e de lecture estim\u00e9e":"1 minute"},"schema":{"@context":"https:\/\/schema.org","@graph":[{"@type":"WebPage","@id":"https:\/\/educateam.be\/index.php\/presentation-de-nos-centres\/isu-dour\/","url":"https:\/\/educateam.be\/index.php\/presentation-de-nos-centres\/isu-dour\/","name":"L'institut \"La Sainte-Union\" -","isPartOf":{"@id":"https:\/\/educateam.be\/#website"},"primaryImageOfPage":{"@id":"https:\/\/educateam.be\/index.php\/presentation-de-nos-centres\/isu-dour\/#primaryimage"},"image":{"@id":"https:\/\/educateam.be\/index.php\/presentation-de-nos-centres\/isu-dour\/#primaryimage"},"thumbnailUrl":"https:\/\/educateam.be\/wp-content\/uploads\/2019\/11\/modules.jpg","datePublished":"2019-11-18T21:22:53+00:00","dateModified":"2019-11-19T15:47:43+00:00","description":"Pr\u00e9sentation de l'\u00e9tablissement - Projet d'\u00e9tablissement - Grilles et options - Informations et contact","breadcrumb":{"@id":"https:\/\/educateam.be\/index.php\/presentation-de-nos-centres\/isu-dour\/#breadcrumb"},"inLanguage":"fr-FR","potentialAction":[{"@type":"ReadAction","target":["https:\/\/educateam.be\/index.php\/presentation-de-nos-centres\/isu-dour\/"]}]},{"@type":"ImageObject","inLanguage":"fr-FR","@id":"https:\/\/educateam.be\/index.php\/presentation-de-nos-centres\/isu-dour\/#primaryimage","url":"https:\/\/educateam.be\/wp-content\/uploads\/2019\/11\/modules.jpg","contentUrl":"https:\/\/educateam.be\/wp-content\/uploads\/2019\/11\/modules.jpg","width":1825,"height":935},{"@type":"BreadcrumbList","@id":"https:\/\/educateam.be\/index.php\/presentation-de-nos-centres\/isu-dour\/#breadcrumb","itemListElement":[{"@type":"ListItem","position":1,"name":"Accueil","item":"https:\/\/educateam.be\/"},{"@type":"ListItem","position":2,"name":"Pr\u00e9sentation de nos diff\u00e9rents centres","item":"https:\/\/educateam.be\/?page_id=187"},{"@type":"ListItem","position":3,"name":"L&rsquo;institut \u00ab\u00a0La Sainte-Union\u00a0\u00bb"}]},{"@type":"WebSite","@id":"https:\/\/educateam.be\/#website","url":"https:\/\/educateam.be\/","name":"Educateam","description":"","publisher":{"@id":"https:\/\/educateam.be\/#organization"},"potentialAction":[{"@type":"SearchAction","target":{"@type":"EntryPoint","urlTemplate":"https:\/\/educateam.be\/?s={search_term_string}"},"query-input":{"@type":"PropertyValueSpecification","valueRequired":true,"valueName":"search_term_string"}}],"inLanguage":"fr-FR"},{"@type":"Organization","@id":"https:\/\/educateam.be\/#organization","name":"Educateam","url":"https:\/\/educateam.be\/","logo":{"@type":"ImageObject","inLanguage":"fr-FR","@id":"https:\/\/educateam.be\/#\/schema\/logo\/image\/","url":"https:\/\/educateam.be\/wp-content\/uploads\/2021\/11\/54402640_2155408334580365_4841115895705108480_n.png","contentUrl":"https:\/\/educateam.be\/wp-content\/uploads\/2021\/11\/54402640_2155408334580365_4841115895705108480_n.png","width":1013,"height":659,"caption":"Educateam"},"image":{"@id":"https:\/\/educateam.be\/#\/schema\/logo\/image\/"},"sameAs":["https:\/\/www.facebook.com\/AsblEducaTeam\/"]}]}},"_links":{"self":[{"href":"https:\/\/educateam.be\/index.php\/wp-json\/wp\/v2\/pages\/231","targetHints":{"allow":["GET"]}}],"collection":[{"href":"https:\/\/educateam.be\/index.php\/wp-json\/wp\/v2\/pages"}],"about":[{"href":"https:\/\/educateam.be\/index.php\/wp-json\/wp\/v2\/types\/page"}],"author":[{"embeddable":true,"href":"https:\/\/educateam.be\/index.php\/wp-json\/wp\/v2\/users\/1"}],"replies":[{"embeddable":true,"href":"https:\/\/educateam.be\/index.php\/wp-json\/wp\/v2\/comments?post=231"}],"version-history":[{"count":5,"href":"https:\/\/educateam.be\/index.php\/wp-json\/wp\/v2\/pages\/231\/revisions"}],"predecessor-version":[{"id":256,"href":"https:\/\/educateam.be\/index.php\/wp-json\/wp\/v2\/pages\/231\/revisions\/256"}],"up":[{"embeddable":true,"href":"https:\/\/educateam.be\/index.php\/wp-json\/wp\/v2\/pages\/187"}],"wp:featuredmedia":[{"embeddable":true,"href":"https:\/\/educateam.be\/index.php\/wp-json\/wp\/v2\/media\/232"}],"wp:attachment":[{"href":"https:\/\/educateam.be\/index.php\/wp-json\/wp\/v2\/media?parent=231"}],"curies":[{"name":"wp","href":"https:\/\/api.w.org\/{rel}","templated":true}]}}