{"id":254,"date":"2019-11-26T15:12:44","date_gmt":"2019-11-26T14:12:44","guid":{"rendered":"http:\/\/educateam.be\/?page_id=254"},"modified":"2019-11-27T08:18:51","modified_gmt":"2019-11-27T07:18:51","slug":"sainte-marie-namur","status":"publish","type":"page","link":"https:\/\/educateam.be\/index.php\/presentation-de-nos-centres\/sainte-marie-namur\/","title":{"rendered":"La Communaut\u00e9 Scolaire Sainte-Marie"},"content":{"rendered":"\n<div class=\"wp-block-cover\" style=\"background-image:url(https:\/\/educateam.be\/wp-content\/uploads\/2019\/11\/201404_154308-201404_154308-201404_154308-20140419-154308-M4S_3034_0.jpg);background-position:52.07373271889401% 88.19444444444444%\"><div class=\"wp-block-cover__inner-container is-layout-flow wp-block-cover-is-layout-flow\">\n<p class=\"has-text-align-center has-large-font-size\"><\/p>\n<\/div><\/div>\n\n\n\n<h2 class=\"wp-block-heading\">Projet d&rsquo;\u00e9tablissement<\/h2>\n\n\n\n<p>La Communaut\u00e9 Scolaire Sainte-Marie de Namur dispense un enseignement fondamental et secondaire g\u00e9n\u00e9ral, avec pour objectif d&rsquo;accompagner l&rsquo;\u00e9l\u00e8ve vers l&rsquo;autonomie, l&rsquo;amenant \u00e0 devenir acteur de son apprentissage.<\/p>\n\n\n\n<p>Pour y arriver, l&rsquo;\u00e9tablissement assure un environnement mat\u00e9riel propice aux apprentissages et met en place des strat\u00e9gies d\u2019aide destin\u00e9es \u00e0 tous les \u00e9l\u00e8ves.<br><\/p>\n\n\n\n<p>Cette institution favorise \u00e9galement l\u2019accueil de tout nouvel \u00e9l\u00e8ve et tout \u00ab&nbsp;passage&nbsp;\u00bb de ses \u00e9l\u00e8ves dans ses \u00e9coles fondamentale et secondaire.<br><\/p>\n\n\n\n<p>Elle vise aussi \u00e0 d\u00e9velopper la communication et les relations au sein de l\u2019\u00e9tablissement et dans son ouverture vers le monde ext\u00e9rieur.<\/p>\n\n\n\n<p>Enfin, la Communaut\u00e9 Scolaire Sainte-Marie propose l&rsquo;inclusion de petits groupes d\u2019enfants sourds ou malentendants dans des classes ordinaires\u200b.<\/p>\n\n\n\n<h2 class=\"wp-block-heading\">Grilles et options<\/h2>\n\n\n\n<ul class=\"wp-block-list\"><li><strong>1\u00e8re ann\u00e9e formation commune<\/strong><\/li><li><strong>2\u00e8me ann\u00e9e formation commune<\/strong><\/li><li><strong>3\u00e8me et 4\u00e8me ann\u00e9es &#8211; Choix \u00e0 combiner :<\/strong> <ul><li>Langues modernes (Anglais &#8211; N\u00e9erlandais)<\/li><li>Latin &#8211; Grec<\/li><li>Sciences 5h \/ Sciences orient\u00e9es<\/li><li>Sciences \u00e9conomiques<\/li><li>Sciences sociales<\/li><\/ul><\/li><li><strong>5\u00e8me et 6\u00e8me ann\u00e9es &#8211; Choix \u00e0 combiner :<\/strong><ul><li>Langues modernes (Anglais &#8211; N\u00e9erlandais &#8211; Allemand)<\/li><li>Latin &#8211; Grec<\/li><li>Sciences 3h\/6h<\/li><li>Sciences \u00e9conomiques<\/li><li>Sciences sociales<\/li><li>Math\u00e9matiques 4h\/6h\/8h<\/li><li>Fran\u00e7ais 4h\/6h<\/li><li>Histoire 2h\/4h<\/li><li>Arts d&rsquo;expression<\/li><li>Histoire de l&rsquo;art<\/li><\/ul><\/li><\/ul>\n\n\n\n<h2 class=\"wp-block-heading\">Informations &#8211; Contact<\/h2>\n\n\n\n<p>Adresse : Rue du Pr\u00e9sident, 26-28 &#8211; 5000 Namur<\/p>\n\n\n\n<p>T\u00e9l\u00e9phone : 081\/22.92.04 (secondaire) &#8211; 081\/22.92.04 (fondamental)<\/p>\n\n\n\n<p>Mail : <strong>&nbsp;<\/strong><a href=\"mailto:dir.sec@cssm.be\">dir.sec@cssm.be<\/a> (secondaire) &#8211; <strong>&nbsp;<\/strong><a href=\"mailto:dir.fond@cssm.be\">dir.fond@cssm.be<\/a> (fondamental)<\/p>\n\n\n\n<p><a href=\"http:\/\/sainte-marie-namur.be\">Site internet<\/a><\/p>\n\n\n\n<p><a href=\"https:\/\/www.facebook.com\/Communaut\u00e9-scolaire-Sainte-Marie-Namur-2231409117144745\/\">Facebook<\/a><\/p>\n\n\n\n<p><\/p>\n","protected":false},"excerpt":{"rendered":"<p class=\"qua-blog-post-description\">Projet d&rsquo;\u00e9tablissement La Communaut\u00e9 Scolaire Sainte-Marie de Namur dispense un enseignement fondamental et secondaire g\u00e9n\u00e9ral, avec pour objectif d&rsquo;accompagner l&rsquo;\u00e9l\u00e8ve vers l&rsquo;autonomie, l&rsquo;amenant \u00e0 devenir acteur de son apprentissage. Pour y arriver, l&rsquo;\u00e9tablissement assure un environnement mat\u00e9riel propice aux apprentissages et met en place des strat\u00e9gies d\u2019aide destin\u00e9es \u00e0 tous les \u00e9l\u00e8ves. Cette institution favorise [&hellip;]<\/p>\n","protected":false},"author":1,"featured_media":255,"parent":187,"menu_order":0,"comment_status":"closed","ping_status":"closed","template":"full-width.php","meta":{"footnotes":""},"class_list":["post-254","page","type-page","status-publish","has-post-thumbnail","hentry"],"yoast_head":"<!-- This site is optimized with the Yoast SEO plugin v27.3 - https:\/\/yoast.com\/product\/yoast-seo-wordpress\/ -->\n<title>La Communaut\u00e9 Scolaire Sainte-Marie -<\/title>\n<meta name=\"description\" content=\"Pr\u00e9sentation de l&#039;\u00e9tablissement - Projet d&#039;\u00e9tablissement - Grilles et options - Informations et contact\" \/>\n<meta name=\"robots\" content=\"index, follow, max-snippet:-1, max-image-preview:large, max-video-preview:-1\" \/>\n<link rel=\"canonical\" href=\"https:\/\/educateam.be\/index.php\/presentation-de-nos-centres\/sainte-marie-namur\/\" \/>\n<meta property=\"og:locale\" content=\"fr_FR\" \/>\n<meta property=\"og:type\" content=\"article\" \/>\n<meta property=\"og:title\" content=\"La Communaut\u00e9 Scolaire Sainte-Marie -\" \/>\n<meta property=\"og:description\" content=\"Pr\u00e9sentation de l&#039;\u00e9tablissement - Projet d&#039;\u00e9tablissement - Grilles et options - Informations et contact\" \/>\n<meta property=\"og:url\" content=\"https:\/\/educateam.be\/index.php\/presentation-de-nos-centres\/sainte-marie-namur\/\" \/>\n<meta property=\"article:publisher\" content=\"https:\/\/www.facebook.com\/AsblEducaTeam\/\" \/>\n<meta property=\"article:modified_time\" content=\"2019-11-27T07:18:51+00:00\" \/>\n<meta property=\"og:image\" content=\"https:\/\/educateam.be\/wp-content\/uploads\/2019\/11\/201404_154308-201404_154308-201404_154308-20140419-154308-M4S_3034_0.jpg\" \/>\n\t<meta property=\"og:image:width\" content=\"480\" \/>\n\t<meta property=\"og:image:height\" content=\"319\" \/>\n\t<meta property=\"og:image:type\" content=\"image\/jpeg\" \/>\n<meta name=\"twitter:card\" content=\"summary_large_image\" \/>\n<meta name=\"twitter:label1\" content=\"Dur\u00e9e de lecture estim\u00e9e\" \/>\n\t<meta name=\"twitter:data1\" content=\"1 minute\" \/>\n<script type=\"application\/ld+json\" class=\"yoast-schema-graph\">{\"@context\":\"https:\\\/\\\/schema.org\",\"@graph\":[{\"@type\":\"WebPage\",\"@id\":\"https:\\\/\\\/educateam.be\\\/index.php\\\/presentation-de-nos-centres\\\/sainte-marie-namur\\\/\",\"url\":\"https:\\\/\\\/educateam.be\\\/index.php\\\/presentation-de-nos-centres\\\/sainte-marie-namur\\\/\",\"name\":\"La Communaut\u00e9 Scolaire Sainte-Marie -\",\"isPartOf\":{\"@id\":\"https:\\\/\\\/educateam.be\\\/#website\"},\"primaryImageOfPage\":{\"@id\":\"https:\\\/\\\/educateam.be\\\/index.php\\\/presentation-de-nos-centres\\\/sainte-marie-namur\\\/#primaryimage\"},\"image\":{\"@id\":\"https:\\\/\\\/educateam.be\\\/index.php\\\/presentation-de-nos-centres\\\/sainte-marie-namur\\\/#primaryimage\"},\"thumbnailUrl\":\"https:\\\/\\\/educateam.be\\\/wp-content\\\/uploads\\\/2019\\\/11\\\/201404_154308-201404_154308-201404_154308-20140419-154308-M4S_3034_0.jpg\",\"datePublished\":\"2019-11-26T14:12:44+00:00\",\"dateModified\":\"2019-11-27T07:18:51+00:00\",\"description\":\"Pr\u00e9sentation de l'\u00e9tablissement - Projet d'\u00e9tablissement - Grilles et options - Informations et contact\",\"breadcrumb\":{\"@id\":\"https:\\\/\\\/educateam.be\\\/index.php\\\/presentation-de-nos-centres\\\/sainte-marie-namur\\\/#breadcrumb\"},\"inLanguage\":\"fr-FR\",\"potentialAction\":[{\"@type\":\"ReadAction\",\"target\":[\"https:\\\/\\\/educateam.be\\\/index.php\\\/presentation-de-nos-centres\\\/sainte-marie-namur\\\/\"]}]},{\"@type\":\"ImageObject\",\"inLanguage\":\"fr-FR\",\"@id\":\"https:\\\/\\\/educateam.be\\\/index.php\\\/presentation-de-nos-centres\\\/sainte-marie-namur\\\/#primaryimage\",\"url\":\"https:\\\/\\\/educateam.be\\\/wp-content\\\/uploads\\\/2019\\\/11\\\/201404_154308-201404_154308-201404_154308-20140419-154308-M4S_3034_0.jpg\",\"contentUrl\":\"https:\\\/\\\/educateam.be\\\/wp-content\\\/uploads\\\/2019\\\/11\\\/201404_154308-201404_154308-201404_154308-20140419-154308-M4S_3034_0.jpg\",\"width\":480,\"height\":319},{\"@type\":\"BreadcrumbList\",\"@id\":\"https:\\\/\\\/educateam.be\\\/index.php\\\/presentation-de-nos-centres\\\/sainte-marie-namur\\\/#breadcrumb\",\"itemListElement\":[{\"@type\":\"ListItem\",\"position\":1,\"name\":\"Accueil\",\"item\":\"https:\\\/\\\/educateam.be\\\/\"},{\"@type\":\"ListItem\",\"position\":2,\"name\":\"Pr\u00e9sentation de nos diff\u00e9rents centres\",\"item\":\"https:\\\/\\\/educateam.be\\\/?page_id=187\"},{\"@type\":\"ListItem\",\"position\":3,\"name\":\"La Communaut\u00e9 Scolaire Sainte-Marie\"}]},{\"@type\":\"WebSite\",\"@id\":\"https:\\\/\\\/educateam.be\\\/#website\",\"url\":\"https:\\\/\\\/educateam.be\\\/\",\"name\":\"Educateam\",\"description\":\"\",\"publisher\":{\"@id\":\"https:\\\/\\\/educateam.be\\\/#organization\"},\"potentialAction\":[{\"@type\":\"SearchAction\",\"target\":{\"@type\":\"EntryPoint\",\"urlTemplate\":\"https:\\\/\\\/educateam.be\\\/?s={search_term_string}\"},\"query-input\":{\"@type\":\"PropertyValueSpecification\",\"valueRequired\":true,\"valueName\":\"search_term_string\"}}],\"inLanguage\":\"fr-FR\"},{\"@type\":\"Organization\",\"@id\":\"https:\\\/\\\/educateam.be\\\/#organization\",\"name\":\"Educateam\",\"url\":\"https:\\\/\\\/educateam.be\\\/\",\"logo\":{\"@type\":\"ImageObject\",\"inLanguage\":\"fr-FR\",\"@id\":\"https:\\\/\\\/educateam.be\\\/#\\\/schema\\\/logo\\\/image\\\/\",\"url\":\"https:\\\/\\\/educateam.be\\\/wp-content\\\/uploads\\\/2021\\\/11\\\/54402640_2155408334580365_4841115895705108480_n.png\",\"contentUrl\":\"https:\\\/\\\/educateam.be\\\/wp-content\\\/uploads\\\/2021\\\/11\\\/54402640_2155408334580365_4841115895705108480_n.png\",\"width\":1013,\"height\":659,\"caption\":\"Educateam\"},\"image\":{\"@id\":\"https:\\\/\\\/educateam.be\\\/#\\\/schema\\\/logo\\\/image\\\/\"},\"sameAs\":[\"https:\\\/\\\/www.facebook.com\\\/AsblEducaTeam\\\/\"]}]}<\/script>\n<!-- \/ Yoast SEO plugin. -->","yoast_head_json":{"title":"La Communaut\u00e9 Scolaire Sainte-Marie -","description":"Pr\u00e9sentation de l'\u00e9tablissement - Projet d'\u00e9tablissement - Grilles et options - Informations et contact","robots":{"index":"index","follow":"follow","max-snippet":"max-snippet:-1","max-image-preview":"max-image-preview:large","max-video-preview":"max-video-preview:-1"},"canonical":"https:\/\/educateam.be\/index.php\/presentation-de-nos-centres\/sainte-marie-namur\/","og_locale":"fr_FR","og_type":"article","og_title":"La Communaut\u00e9 Scolaire Sainte-Marie -","og_description":"Pr\u00e9sentation de l'\u00e9tablissement - Projet d'\u00e9tablissement - Grilles et options - Informations et contact","og_url":"https:\/\/educateam.be\/index.php\/presentation-de-nos-centres\/sainte-marie-namur\/","article_publisher":"https:\/\/www.facebook.com\/AsblEducaTeam\/","article_modified_time":"2019-11-27T07:18:51+00:00","og_image":[{"width":480,"height":319,"url":"https:\/\/educateam.be\/wp-content\/uploads\/2019\/11\/201404_154308-201404_154308-201404_154308-20140419-154308-M4S_3034_0.jpg","type":"image\/jpeg"}],"twitter_card":"summary_large_image","twitter_misc":{"Dur\u00e9e de lecture estim\u00e9e":"1 minute"},"schema":{"@context":"https:\/\/schema.org","@graph":[{"@type":"WebPage","@id":"https:\/\/educateam.be\/index.php\/presentation-de-nos-centres\/sainte-marie-namur\/","url":"https:\/\/educateam.be\/index.php\/presentation-de-nos-centres\/sainte-marie-namur\/","name":"La Communaut\u00e9 Scolaire Sainte-Marie -","isPartOf":{"@id":"https:\/\/educateam.be\/#website"},"primaryImageOfPage":{"@id":"https:\/\/educateam.be\/index.php\/presentation-de-nos-centres\/sainte-marie-namur\/#primaryimage"},"image":{"@id":"https:\/\/educateam.be\/index.php\/presentation-de-nos-centres\/sainte-marie-namur\/#primaryimage"},"thumbnailUrl":"https:\/\/educateam.be\/wp-content\/uploads\/2019\/11\/201404_154308-201404_154308-201404_154308-20140419-154308-M4S_3034_0.jpg","datePublished":"2019-11-26T14:12:44+00:00","dateModified":"2019-11-27T07:18:51+00:00","description":"Pr\u00e9sentation de l'\u00e9tablissement - Projet d'\u00e9tablissement - Grilles et options - Informations et contact","breadcrumb":{"@id":"https:\/\/educateam.be\/index.php\/presentation-de-nos-centres\/sainte-marie-namur\/#breadcrumb"},"inLanguage":"fr-FR","potentialAction":[{"@type":"ReadAction","target":["https:\/\/educateam.be\/index.php\/presentation-de-nos-centres\/sainte-marie-namur\/"]}]},{"@type":"ImageObject","inLanguage":"fr-FR","@id":"https:\/\/educateam.be\/index.php\/presentation-de-nos-centres\/sainte-marie-namur\/#primaryimage","url":"https:\/\/educateam.be\/wp-content\/uploads\/2019\/11\/201404_154308-201404_154308-201404_154308-20140419-154308-M4S_3034_0.jpg","contentUrl":"https:\/\/educateam.be\/wp-content\/uploads\/2019\/11\/201404_154308-201404_154308-201404_154308-20140419-154308-M4S_3034_0.jpg","width":480,"height":319},{"@type":"BreadcrumbList","@id":"https:\/\/educateam.be\/index.php\/presentation-de-nos-centres\/sainte-marie-namur\/#breadcrumb","itemListElement":[{"@type":"ListItem","position":1,"name":"Accueil","item":"https:\/\/educateam.be\/"},{"@type":"ListItem","position":2,"name":"Pr\u00e9sentation de nos diff\u00e9rents centres","item":"https:\/\/educateam.be\/?page_id=187"},{"@type":"ListItem","position":3,"name":"La Communaut\u00e9 Scolaire Sainte-Marie"}]},{"@type":"WebSite","@id":"https:\/\/educateam.be\/#website","url":"https:\/\/educateam.be\/","name":"Educateam","description":"","publisher":{"@id":"https:\/\/educateam.be\/#organization"},"potentialAction":[{"@type":"SearchAction","target":{"@type":"EntryPoint","urlTemplate":"https:\/\/educateam.be\/?s={search_term_string}"},"query-input":{"@type":"PropertyValueSpecification","valueRequired":true,"valueName":"search_term_string"}}],"inLanguage":"fr-FR"},{"@type":"Organization","@id":"https:\/\/educateam.be\/#organization","name":"Educateam","url":"https:\/\/educateam.be\/","logo":{"@type":"ImageObject","inLanguage":"fr-FR","@id":"https:\/\/educateam.be\/#\/schema\/logo\/image\/","url":"https:\/\/educateam.be\/wp-content\/uploads\/2021\/11\/54402640_2155408334580365_4841115895705108480_n.png","contentUrl":"https:\/\/educateam.be\/wp-content\/uploads\/2021\/11\/54402640_2155408334580365_4841115895705108480_n.png","width":1013,"height":659,"caption":"Educateam"},"image":{"@id":"https:\/\/educateam.be\/#\/schema\/logo\/image\/"},"sameAs":["https:\/\/www.facebook.com\/AsblEducaTeam\/"]}]}},"_links":{"self":[{"href":"https:\/\/educateam.be\/index.php\/wp-json\/wp\/v2\/pages\/254","targetHints":{"allow":["GET"]}}],"collection":[{"href":"https:\/\/educateam.be\/index.php\/wp-json\/wp\/v2\/pages"}],"about":[{"href":"https:\/\/educateam.be\/index.php\/wp-json\/wp\/v2\/types\/page"}],"author":[{"embeddable":true,"href":"https:\/\/educateam.be\/index.php\/wp-json\/wp\/v2\/users\/1"}],"replies":[{"embeddable":true,"href":"https:\/\/educateam.be\/index.php\/wp-json\/wp\/v2\/comments?post=254"}],"version-history":[{"count":3,"href":"https:\/\/educateam.be\/index.php\/wp-json\/wp\/v2\/pages\/254\/revisions"}],"predecessor-version":[{"id":261,"href":"https:\/\/educateam.be\/index.php\/wp-json\/wp\/v2\/pages\/254\/revisions\/261"}],"up":[{"embeddable":true,"href":"https:\/\/educateam.be\/index.php\/wp-json\/wp\/v2\/pages\/187"}],"wp:featuredmedia":[{"embeddable":true,"href":"https:\/\/educateam.be\/index.php\/wp-json\/wp\/v2\/media\/255"}],"wp:attachment":[{"href":"https:\/\/educateam.be\/index.php\/wp-json\/wp\/v2\/media?parent=254"}],"curies":[{"name":"wp","href":"https:\/\/api.w.org\/{rel}","templated":true}]}}