{"id":50,"date":"2019-01-29T21:37:25","date_gmt":"2019-01-29T20:37:25","guid":{"rendered":"http:\/\/educateam.be\/?page_id=50"},"modified":"2025-08-18T20:42:07","modified_gmt":"2025-08-18T18:42:07","slug":"calendrier-et-tarifs-soutien-scolaire","status":"publish","type":"page","link":"https:\/\/educateam.be\/index.php\/calendrier-et-tarifs-soutien-scolaire\/","title":{"rendered":"Calendrier des cours et forfaits"},"content":{"rendered":"\n<h2 class=\"wp-block-heading\">Ann\u00e9e scolaire 2024-2025<\/h2>\n\n\n\n<p>Afin de rendre accessible notre soutien scolaire au plus grand nombre, nous avons d\u00e9cider de revoir nos tarifs \u00e0 la baisse. D\u00e9sormais, le prix d&rsquo;une heure de cours (via inscription pour une p\u00e9riode) s&rsquo;\u00e9l\u00e8ve \u00e0 10\u20ac.<\/p>\n\n\n<div class=\"wp-block-image is-style-default\">\n<figure class=\"aligncenter size-large\"><img loading=\"lazy\" decoding=\"async\" width=\"1024\" height=\"721\" src=\"https:\/\/educateam.be\/wp-content\/uploads\/2025\/08\/Forfaits-2025-2026-1024x721.png\" alt=\"\" class=\"wp-image-1201\" srcset=\"https:\/\/educateam.be\/wp-content\/uploads\/2025\/08\/Forfaits-2025-2026-1024x721.png 1024w, https:\/\/educateam.be\/wp-content\/uploads\/2025\/08\/Forfaits-2025-2026-300x211.png 300w, https:\/\/educateam.be\/wp-content\/uploads\/2025\/08\/Forfaits-2025-2026-768x541.png 768w, https:\/\/educateam.be\/wp-content\/uploads\/2025\/08\/Forfaits-2025-2026-1536x1082.png 1536w, https:\/\/educateam.be\/wp-content\/uploads\/2025\/08\/Forfaits-2025-2026.png 2000w\" sizes=\"auto, (max-width: 1024px) 100vw, 1024px\" \/><\/figure>\n<\/div>\n\n\n<h2 class=\"wp-block-heading\">Pourquoi ce changement de prix ?<\/h2>\n\n\n\n<p>De plus en plus de familles \u00e9prouvent des difficult\u00e9s financi\u00e8res. Que ce soit une cons\u00e9quence de la crise \u00e9nerg\u00e9tique ou li\u00e9 \u00e0 une situation personnelle plus pr\u00e9caire. Notre asbl a donc d\u00e9cid\u00e9 de diminuer les tarifs de son soutien scolaire. Une d\u00e9cision qui donne la chance \u00e0 tout un chacun de b\u00e9n\u00e9ficier d&rsquo;un service de qualit\u00e9 \u00e0 un co\u00fbt abordable.<\/p>\n\n\n\n<p>Nous \u00e9tablissons \u00e9galement des partenariats avec les CPAS de certaines communes. Des partenaires privil\u00e9gi\u00e9s qui prennent eux aussi cette probl\u00e9matique \u00e0 bras le corps. Vous pouvez retrouver l&rsquo;ensemble de nos partenaires actuels sur <a href=\"http:\/\/parternaires\">cette page<\/a>.<\/p>\n\n\n\n<h2 class=\"wp-block-heading\">Pourquoi un soutien scolaire organis\u00e9 en p\u00e9riodes ?<\/h2>\n\n\n\n<p>En tant que professionnel\u00b7le\u00b7s de l&rsquo;enseignement, nous constatons qu&rsquo;un suivi r\u00e9gulier g\u00e9n\u00e8re :<\/p>\n\n\n\n<ul class=\"wp-block-list\">\n<li>Une am\u00e9lioration des comp\u00e9tences ; <\/li>\n\n\n\n<li>Une compr\u00e9hension accrue de la mati\u00e8re sur le long terme.<\/li>\n<\/ul>\n\n\n\n<p>Durant ces p\u00e9riodes, qui s&rsquo;\u00e9tendent entre les p\u00e9riodes de cong\u00e9s scolaires, les \u00e9tudiant\u00b7e\u00b7s sont suivis par un\u00b7e m\u00eame enseignant\u00b7e. Cela permet \u00e0 l&rsquo;\u00e9l\u00e8ve d&rsquo;\u00e9tablir une certaine relation de confiance avec son enseignant\u00b7e. Mais aussi \u00e0 ce\u00b7tte dernier\u00b7\u00e8re de d\u00e9finir une m\u00e9thodologie adapt\u00e9e afin d&rsquo;accompagner ses \u00e9l\u00e8ves dans l&rsquo;atteinte de leurs objectifs scolaires. Cette m\u00e9thodologie s&rsquo;axera tant\u00f4t sur la discipline, tant\u00f4t sur la m\u00e9thodologie. C&rsquo;est en cela que r\u00e9side la force d&rsquo;un soutien scolaire r\u00e9gulier : conna\u00eetre ses \u00e9l\u00e8ves. Cerner leurs points forts et leurs points faibles afin de les accompagner au mieux.<\/p>\n\n\n\n<p>Enfin, il va sans dire que l&rsquo;organisation de nos p\u00e9riodes de cours est r\u00e9alis\u00e9e sur base des nouveaux <a href=\"http:\/\/www.enseignement.be\/index.php?page=28588&amp;navi=4912\">rythmes scolaires<\/a>. Le calendrier d\u00e9fini par la F\u00e9d\u00e9ration Wallonie-Bruxelles.<\/p>\n\n\n<div class=\"wp-block-image\">\n<figure class=\"aligncenter size-full\"><img loading=\"lazy\" decoding=\"async\" width=\"940\" height=\"788\" src=\"https:\/\/educateam.be\/wp-content\/uploads\/2025\/08\/Calendrier-2025-2026.png\" alt=\"\" class=\"wp-image-1203\" srcset=\"https:\/\/educateam.be\/wp-content\/uploads\/2025\/08\/Calendrier-2025-2026.png 940w, https:\/\/educateam.be\/wp-content\/uploads\/2025\/08\/Calendrier-2025-2026-300x251.png 300w, https:\/\/educateam.be\/wp-content\/uploads\/2025\/08\/Calendrier-2025-2026-768x644.png 768w\" sizes=\"auto, (max-width: 940px) 100vw, 940px\" \/><\/figure>\n<\/div>\n\n\n<hr class=\"wp-block-separator has-alpha-channel-opacity\"\/>\n\n\n\n<p>Besoin d&rsquo;une <strong>information compl\u00e9mentaire<\/strong> ? N&rsquo;h\u00e9sitez plus, <a href=\"http:\/\/educateam.be\/index.php\/contact\/\">contactez-nous !<\/a> Vous pouvez \u00e9galement nous suivre sur les r\u00e9seaux sociaux : <a href=\"https:\/\/www.facebook.com\/AsblEducaTeam\">Facebook<\/a> &#8211; <a href=\"https:\/\/www.instagram.com\/educateam2021\/\">Instagram<\/a> &#8211; <a href=\"https:\/\/www.linkedin.com\/company\/educateam\/\">LinkedIn<\/a>.<\/p>\n\n\n\n<blockquote class=\"wp-block-quote is-layout-flow wp-block-quote-is-layout-flow\">\n<p>EducaTeam &#8211; Le soutien scolaire, notre savoir-faire.<\/p>\n<\/blockquote>\n","protected":false},"excerpt":{"rendered":"<p class=\"qua-blog-post-description\">Ann\u00e9e scolaire 2024-2025 Afin de rendre accessible notre soutien scolaire au plus grand nombre, nous avons d\u00e9cider de revoir nos tarifs \u00e0 la baisse. D\u00e9sormais, le prix d&rsquo;une heure de cours (via inscription pour une p\u00e9riode) s&rsquo;\u00e9l\u00e8ve \u00e0 10\u20ac. Pourquoi ce changement de prix ? De plus en plus de familles \u00e9prouvent des difficult\u00e9s financi\u00e8res. [&hellip;]<\/p>\n","protected":false},"author":1,"featured_media":0,"parent":0,"menu_order":0,"comment_status":"closed","ping_status":"closed","template":"","meta":{"footnotes":""},"class_list":["post-50","page","type-page","status-publish","hentry"],"yoast_head":"<!-- This site is optimized with the Yoast SEO plugin v27.3 - https:\/\/yoast.com\/product\/yoast-seo-wordpress\/ -->\n<title>Tarifs soutien scolaire - Calendrier des cours et forfaits<\/title>\n<meta name=\"description\" content=\"EducaTeam - primaire - secondaire - enseignants qualifi\u00e9s - soutien personnalis\u00e9 - m\u00e9thode de travail - tarifs soutien scolaire\" \/>\n<meta name=\"robots\" content=\"index, follow, max-snippet:-1, max-image-preview:large, max-video-preview:-1\" \/>\n<link rel=\"canonical\" href=\"https:\/\/educateam.be\/index.php\/calendrier-et-tarifs-soutien-scolaire\/\" \/>\n<meta property=\"og:locale\" content=\"fr_FR\" \/>\n<meta property=\"og:type\" content=\"article\" \/>\n<meta property=\"og:title\" content=\"Tarifs soutien scolaire - Calendrier des cours et forfaits\" \/>\n<meta property=\"og:description\" content=\"EducaTeam - primaire - secondaire - enseignants qualifi\u00e9s - soutien personnalis\u00e9 - m\u00e9thode de travail - tarifs soutien scolaire\" \/>\n<meta property=\"og:url\" content=\"https:\/\/educateam.be\/index.php\/calendrier-et-tarifs-soutien-scolaire\/\" \/>\n<meta property=\"article:publisher\" content=\"https:\/\/www.facebook.com\/AsblEducaTeam\/\" \/>\n<meta property=\"article:modified_time\" content=\"2025-08-18T18:42:07+00:00\" \/>\n<meta property=\"og:image\" content=\"https:\/\/educateam.be\/wp-content\/uploads\/2025\/08\/Forfaits-2025-2026.png\" \/>\n\t<meta property=\"og:image:width\" content=\"2000\" \/>\n\t<meta property=\"og:image:height\" content=\"1409\" \/>\n\t<meta property=\"og:image:type\" content=\"image\/png\" \/>\n<meta name=\"twitter:card\" content=\"summary_large_image\" \/>\n<meta name=\"twitter:label1\" content=\"Dur\u00e9e de lecture estim\u00e9e\" \/>\n\t<meta name=\"twitter:data1\" content=\"2 minutes\" \/>\n<script type=\"application\/ld+json\" class=\"yoast-schema-graph\">{\"@context\":\"https:\\\/\\\/schema.org\",\"@graph\":[{\"@type\":\"WebPage\",\"@id\":\"https:\\\/\\\/educateam.be\\\/index.php\\\/calendrier-et-tarifs-soutien-scolaire\\\/\",\"url\":\"https:\\\/\\\/educateam.be\\\/index.php\\\/calendrier-et-tarifs-soutien-scolaire\\\/\",\"name\":\"Tarifs soutien scolaire - Calendrier des cours et forfaits\",\"isPartOf\":{\"@id\":\"https:\\\/\\\/educateam.be\\\/#website\"},\"primaryImageOfPage\":{\"@id\":\"https:\\\/\\\/educateam.be\\\/index.php\\\/calendrier-et-tarifs-soutien-scolaire\\\/#primaryimage\"},\"image\":{\"@id\":\"https:\\\/\\\/educateam.be\\\/index.php\\\/calendrier-et-tarifs-soutien-scolaire\\\/#primaryimage\"},\"thumbnailUrl\":\"https:\\\/\\\/educateam.be\\\/wp-content\\\/uploads\\\/2025\\\/08\\\/Forfaits-2025-2026-1024x721.png\",\"datePublished\":\"2019-01-29T20:37:25+00:00\",\"dateModified\":\"2025-08-18T18:42:07+00:00\",\"description\":\"EducaTeam - primaire - secondaire - enseignants qualifi\u00e9s - soutien personnalis\u00e9 - m\u00e9thode de travail - tarifs soutien scolaire\",\"breadcrumb\":{\"@id\":\"https:\\\/\\\/educateam.be\\\/index.php\\\/calendrier-et-tarifs-soutien-scolaire\\\/#breadcrumb\"},\"inLanguage\":\"fr-FR\",\"potentialAction\":[{\"@type\":\"ReadAction\",\"target\":[\"https:\\\/\\\/educateam.be\\\/index.php\\\/calendrier-et-tarifs-soutien-scolaire\\\/\"]}]},{\"@type\":\"ImageObject\",\"inLanguage\":\"fr-FR\",\"@id\":\"https:\\\/\\\/educateam.be\\\/index.php\\\/calendrier-et-tarifs-soutien-scolaire\\\/#primaryimage\",\"url\":\"https:\\\/\\\/educateam.be\\\/wp-content\\\/uploads\\\/2025\\\/08\\\/Forfaits-2025-2026.png\",\"contentUrl\":\"https:\\\/\\\/educateam.be\\\/wp-content\\\/uploads\\\/2025\\\/08\\\/Forfaits-2025-2026.png\",\"width\":2000,\"height\":1409},{\"@type\":\"BreadcrumbList\",\"@id\":\"https:\\\/\\\/educateam.be\\\/index.php\\\/calendrier-et-tarifs-soutien-scolaire\\\/#breadcrumb\",\"itemListElement\":[{\"@type\":\"ListItem\",\"position\":1,\"name\":\"Accueil\",\"item\":\"https:\\\/\\\/educateam.be\\\/\"},{\"@type\":\"ListItem\",\"position\":2,\"name\":\"Calendrier des cours et forfaits\"}]},{\"@type\":\"WebSite\",\"@id\":\"https:\\\/\\\/educateam.be\\\/#website\",\"url\":\"https:\\\/\\\/educateam.be\\\/\",\"name\":\"Educateam\",\"description\":\"\",\"publisher\":{\"@id\":\"https:\\\/\\\/educateam.be\\\/#organization\"},\"potentialAction\":[{\"@type\":\"SearchAction\",\"target\":{\"@type\":\"EntryPoint\",\"urlTemplate\":\"https:\\\/\\\/educateam.be\\\/?s={search_term_string}\"},\"query-input\":{\"@type\":\"PropertyValueSpecification\",\"valueRequired\":true,\"valueName\":\"search_term_string\"}}],\"inLanguage\":\"fr-FR\"},{\"@type\":\"Organization\",\"@id\":\"https:\\\/\\\/educateam.be\\\/#organization\",\"name\":\"Educateam\",\"url\":\"https:\\\/\\\/educateam.be\\\/\",\"logo\":{\"@type\":\"ImageObject\",\"inLanguage\":\"fr-FR\",\"@id\":\"https:\\\/\\\/educateam.be\\\/#\\\/schema\\\/logo\\\/image\\\/\",\"url\":\"https:\\\/\\\/educateam.be\\\/wp-content\\\/uploads\\\/2021\\\/11\\\/54402640_2155408334580365_4841115895705108480_n.png\",\"contentUrl\":\"https:\\\/\\\/educateam.be\\\/wp-content\\\/uploads\\\/2021\\\/11\\\/54402640_2155408334580365_4841115895705108480_n.png\",\"width\":1013,\"height\":659,\"caption\":\"Educateam\"},\"image\":{\"@id\":\"https:\\\/\\\/educateam.be\\\/#\\\/schema\\\/logo\\\/image\\\/\"},\"sameAs\":[\"https:\\\/\\\/www.facebook.com\\\/AsblEducaTeam\\\/\"]}]}<\/script>\n<!-- \/ Yoast SEO plugin. -->","yoast_head_json":{"title":"Tarifs soutien scolaire - Calendrier des cours et forfaits","description":"EducaTeam - primaire - secondaire - enseignants qualifi\u00e9s - soutien personnalis\u00e9 - m\u00e9thode de travail - tarifs soutien scolaire","robots":{"index":"index","follow":"follow","max-snippet":"max-snippet:-1","max-image-preview":"max-image-preview:large","max-video-preview":"max-video-preview:-1"},"canonical":"https:\/\/educateam.be\/index.php\/calendrier-et-tarifs-soutien-scolaire\/","og_locale":"fr_FR","og_type":"article","og_title":"Tarifs soutien scolaire - Calendrier des cours et forfaits","og_description":"EducaTeam - primaire - secondaire - enseignants qualifi\u00e9s - soutien personnalis\u00e9 - m\u00e9thode de travail - tarifs soutien scolaire","og_url":"https:\/\/educateam.be\/index.php\/calendrier-et-tarifs-soutien-scolaire\/","article_publisher":"https:\/\/www.facebook.com\/AsblEducaTeam\/","article_modified_time":"2025-08-18T18:42:07+00:00","og_image":[{"width":2000,"height":1409,"url":"https:\/\/educateam.be\/wp-content\/uploads\/2025\/08\/Forfaits-2025-2026.png","type":"image\/png"}],"twitter_card":"summary_large_image","twitter_misc":{"Dur\u00e9e de lecture estim\u00e9e":"2 minutes"},"schema":{"@context":"https:\/\/schema.org","@graph":[{"@type":"WebPage","@id":"https:\/\/educateam.be\/index.php\/calendrier-et-tarifs-soutien-scolaire\/","url":"https:\/\/educateam.be\/index.php\/calendrier-et-tarifs-soutien-scolaire\/","name":"Tarifs soutien scolaire - Calendrier des cours et forfaits","isPartOf":{"@id":"https:\/\/educateam.be\/#website"},"primaryImageOfPage":{"@id":"https:\/\/educateam.be\/index.php\/calendrier-et-tarifs-soutien-scolaire\/#primaryimage"},"image":{"@id":"https:\/\/educateam.be\/index.php\/calendrier-et-tarifs-soutien-scolaire\/#primaryimage"},"thumbnailUrl":"https:\/\/educateam.be\/wp-content\/uploads\/2025\/08\/Forfaits-2025-2026-1024x721.png","datePublished":"2019-01-29T20:37:25+00:00","dateModified":"2025-08-18T18:42:07+00:00","description":"EducaTeam - primaire - secondaire - enseignants qualifi\u00e9s - soutien personnalis\u00e9 - m\u00e9thode de travail - tarifs soutien scolaire","breadcrumb":{"@id":"https:\/\/educateam.be\/index.php\/calendrier-et-tarifs-soutien-scolaire\/#breadcrumb"},"inLanguage":"fr-FR","potentialAction":[{"@type":"ReadAction","target":["https:\/\/educateam.be\/index.php\/calendrier-et-tarifs-soutien-scolaire\/"]}]},{"@type":"ImageObject","inLanguage":"fr-FR","@id":"https:\/\/educateam.be\/index.php\/calendrier-et-tarifs-soutien-scolaire\/#primaryimage","url":"https:\/\/educateam.be\/wp-content\/uploads\/2025\/08\/Forfaits-2025-2026.png","contentUrl":"https:\/\/educateam.be\/wp-content\/uploads\/2025\/08\/Forfaits-2025-2026.png","width":2000,"height":1409},{"@type":"BreadcrumbList","@id":"https:\/\/educateam.be\/index.php\/calendrier-et-tarifs-soutien-scolaire\/#breadcrumb","itemListElement":[{"@type":"ListItem","position":1,"name":"Accueil","item":"https:\/\/educateam.be\/"},{"@type":"ListItem","position":2,"name":"Calendrier des cours et forfaits"}]},{"@type":"WebSite","@id":"https:\/\/educateam.be\/#website","url":"https:\/\/educateam.be\/","name":"Educateam","description":"","publisher":{"@id":"https:\/\/educateam.be\/#organization"},"potentialAction":[{"@type":"SearchAction","target":{"@type":"EntryPoint","urlTemplate":"https:\/\/educateam.be\/?s={search_term_string}"},"query-input":{"@type":"PropertyValueSpecification","valueRequired":true,"valueName":"search_term_string"}}],"inLanguage":"fr-FR"},{"@type":"Organization","@id":"https:\/\/educateam.be\/#organization","name":"Educateam","url":"https:\/\/educateam.be\/","logo":{"@type":"ImageObject","inLanguage":"fr-FR","@id":"https:\/\/educateam.be\/#\/schema\/logo\/image\/","url":"https:\/\/educateam.be\/wp-content\/uploads\/2021\/11\/54402640_2155408334580365_4841115895705108480_n.png","contentUrl":"https:\/\/educateam.be\/wp-content\/uploads\/2021\/11\/54402640_2155408334580365_4841115895705108480_n.png","width":1013,"height":659,"caption":"Educateam"},"image":{"@id":"https:\/\/educateam.be\/#\/schema\/logo\/image\/"},"sameAs":["https:\/\/www.facebook.com\/AsblEducaTeam\/"]}]}},"_links":{"self":[{"href":"https:\/\/educateam.be\/index.php\/wp-json\/wp\/v2\/pages\/50","targetHints":{"allow":["GET"]}}],"collection":[{"href":"https:\/\/educateam.be\/index.php\/wp-json\/wp\/v2\/pages"}],"about":[{"href":"https:\/\/educateam.be\/index.php\/wp-json\/wp\/v2\/types\/page"}],"author":[{"embeddable":true,"href":"https:\/\/educateam.be\/index.php\/wp-json\/wp\/v2\/users\/1"}],"replies":[{"embeddable":true,"href":"https:\/\/educateam.be\/index.php\/wp-json\/wp\/v2\/comments?post=50"}],"version-history":[{"count":26,"href":"https:\/\/educateam.be\/index.php\/wp-json\/wp\/v2\/pages\/50\/revisions"}],"predecessor-version":[{"id":1204,"href":"https:\/\/educateam.be\/index.php\/wp-json\/wp\/v2\/pages\/50\/revisions\/1204"}],"wp:attachment":[{"href":"https:\/\/educateam.be\/index.php\/wp-json\/wp\/v2\/media?parent=50"}],"curies":[{"name":"wp","href":"https:\/\/api.w.org\/{rel}","templated":true}]}}