{"id":62,"date":"2019-02-10T10:20:34","date_gmt":"2019-02-10T09:20:34","guid":{"rendered":"http:\/\/educateam.be\/?page_id=62"},"modified":"2023-03-26T19:14:32","modified_gmt":"2023-03-26T17:14:32","slug":"notre-asbl","status":"publish","type":"page","link":"https:\/\/educateam.be\/index.php\/notre-asbl\/","title":{"rendered":"Notre ASBL"},"content":{"rendered":"<div class=\"wp-block-image\">\n<figure class=\"aligncenter size-large is-resized\"><img loading=\"lazy\" decoding=\"async\" src=\"https:\/\/educateam.be\/wp-content\/uploads\/2023\/03\/logo_puleio-1024x330.png\" alt=\"Notre asbl - Nom et slogan\" class=\"wp-image-1136\" width=\"425\" height=\"136\" srcset=\"https:\/\/educateam.be\/wp-content\/uploads\/2023\/03\/logo_puleio-1024x330.png 1024w, https:\/\/educateam.be\/wp-content\/uploads\/2023\/03\/logo_puleio-300x97.png 300w, https:\/\/educateam.be\/wp-content\/uploads\/2023\/03\/logo_puleio-768x248.png 768w, https:\/\/educateam.be\/wp-content\/uploads\/2023\/03\/logo_puleio-1536x496.png 1536w, https:\/\/educateam.be\/wp-content\/uploads\/2023\/03\/logo_puleio.png 1559w\" sizes=\"auto, (max-width: 425px) 100vw, 425px\" \/><\/figure>\n<\/div>\n\n\n<hr class=\"wp-block-separator has-alpha-channel-opacity\"\/>\n\n\n\n<h2 class=\"wp-block-heading\">L&rsquo;ASBL EducaTeam : la solution de soutien scolaire proche de vous<\/h2>\n\n\n\n<p>L&rsquo;ASBL EducaTeam est une association d&rsquo;enseignants sp\u00e9cialis\u00e9s dans le <strong>soutien scolaire<\/strong>. <\/p>\n\n\n\n<p>Sa mission ? Proposer un <strong>accompagnement de qualit\u00e9<\/strong> \u00e0 un maximum d&rsquo;\u00e9l\u00e8ves qui rencontrent des difficult\u00e9s dans leur parcours scolaire. <\/p>\n\n\n\n<p>Comment ? En organisant des ateliers de soutien destin\u00e9s aux \u00e9l\u00e8ves de l&rsquo;enseignement <strong>primaire<\/strong> et <strong>secondaire<\/strong>. Les disciplines propos\u00e9es sont les suivantes : math\u00e9matiques, sciences, langues et fran\u00e7ais. Nous proposons \u00e9galement des <strong>pr\u00e9parations au CEB et au CE1D<\/strong>. Les ateliers sont r\u00e9partis en p\u00e9riodes, hors cong\u00e9s scolaires. Ce qui permet une organisation pratique et flexible pour les parents et \u00e9l\u00e8ves. Vous trouverez toutes les informations relative \u00e0 <strong>notre fonctionnement sur <a href=\"https:\/\/educateam.be\/index.php\/soutien-scolaire\/\">cette page<\/a><\/strong>.<br><\/p>\n\n\n\n<h2 class=\"wp-block-heading\">La m\u00e9thode EducaTeam : un suivi personnalis\u00e9 pour des r\u00e9sultats concrets<\/h2>\n\n\n\n<p>Chez EducaTeam, l&rsquo;<strong>approche humaine<\/strong>, <strong>transparente<\/strong> et <strong>familiale<\/strong> est au c\u0153ur de notre fonctionnement. Nous mettons un point d&rsquo;honneur \u00e0 d\u00e9velopper un environnement propice \u00e0 l&rsquo;apprentissage en petit groupes, afin de permettre un suivi individuel et personnalis\u00e9 de chaque \u00e9l\u00e8ve. Nos enseignants sont  s\u00e9lectionn\u00e9s pour leur expertise et leur p\u00e9dagogie. Ceux-ci s&rsquo;engagent \u00e0 offrir un soutien de qualit\u00e9 dans la discipline mais \u00e9galement dans la m\u00e9thode de travail. Ce suivi r\u00e9gulier des \u00e9l\u00e8ves permet une meilleure compr\u00e9hension de leurs besoins, une aide plus efficace et cibl\u00e9e et d\u00e8s lors une am\u00e9lioration de leurs r\u00e9sultats.<\/p>\n\n\n\n<p>Les <a href=\"https:\/\/educateam.be\/index.php\/calendrier-et-tarifs-soutien-scolaire\/\">tarifs abordables<\/a> propos\u00e9s par notre ASBL sont \u00e9galement un point fort, car nous rendons accessible le march\u00e9 du soutien scolaire \u00e0 tous les parents qui souhaitent aider leur enfant \u00e0 r\u00e9ussir. Nous travaillons en partenariat avec les CPAS pour faciliter l&rsquo;acc\u00e8s \u00e0 nos services pour les familles les plus d\u00e9munies.<\/p>\n\n\n\n<p>Les r\u00e9sultats concrets de notre programme de soutien scolaire parlent d&rsquo;eux-m\u00eames. En effet, la plupart des \u00e9l\u00e8ves qui suivent nos cours voient leurs notes s&rsquo;am\u00e9liorer, et leurs \u00e9checs se r\u00e9sorber. C&rsquo;est aussi la raison pour laquelle de nombreux \u00e9tudiants continuent de suivre nos cours ann\u00e9es apr\u00e8s ann\u00e9es. Cet accompagnement hebdomadaire les rassure et leur permet de continuer \u00e0 progresser.<\/p>\n\n\n\n<h2 class=\"wp-block-heading\">En r\u00e9sum\u00e9<\/h2>\n\n\n\n<p>Si vous recherchez une structure de soutien scolaire proche de vous, transparente, s\u00e9rieuse et \u00e0 l&rsquo;\u00e9coute de vos besoins, alors vous \u00eates au bon endroit ! Nous sommes convaincus que notre approche centr\u00e9e sur l&rsquo;\u00e9l\u00e8ve, ainsi que notre suivi r\u00e9gulier et notre exp\u00e9rience dans le domaine du soutien scolaire vous convaincront. Nous d\u00e9veloppons r\u00e9guli\u00e8rement de nouveaux partenariats avec des associations et \u00e9coles afin de d\u00e9velopper de nouveaux centres de soutien scolaire. Franchissez le pas et laissez-nous vous accompagner dans la r\u00e9ussite scolaire de votre enfant.<\/p>\n\n\n\n<p>Besoin d&rsquo;une <strong>information compl\u00e9mentaire<\/strong> ? Alors n&rsquo;h\u00e9sitez plus, <a href=\"http:\/\/educateam.be\/index.php\/contact\/\">contactez-nous !<\/a> Vous pouvez \u00e9galement nous suivre sur les r\u00e9seaux sociaux : <a href=\"https:\/\/www.facebook.com\/AsblEducaTeam\">Facebook<\/a> &#8211; <a href=\"https:\/\/www.instagram.com\/educateam2021\/\">Instagram<\/a> &#8211; <a href=\"https:\/\/www.linkedin.com\/company\/educateam\/\">LinkedIn<\/a>.<\/p>\n\n\n\n<blockquote class=\"wp-block-quote is-layout-flow wp-block-quote-is-layout-flow\">\n<p>EducaTeam &#8211; Le soutien scolaire, notre savoir-faire.<\/p>\n<\/blockquote>\n","protected":false},"excerpt":{"rendered":"<p class=\"qua-blog-post-description\">L&rsquo;ASBL EducaTeam : la solution de soutien scolaire proche de vous L&rsquo;ASBL EducaTeam est une association d&rsquo;enseignants sp\u00e9cialis\u00e9s dans le soutien scolaire. Sa mission ? Proposer un accompagnement de qualit\u00e9 \u00e0 un maximum d&rsquo;\u00e9l\u00e8ves qui rencontrent des difficult\u00e9s dans leur parcours scolaire. Comment ? En organisant des ateliers de soutien destin\u00e9s aux \u00e9l\u00e8ves de l&rsquo;enseignement [&hellip;]<\/p>\n","protected":false},"author":1,"featured_media":0,"parent":0,"menu_order":0,"comment_status":"closed","ping_status":"closed","template":"","meta":{"footnotes":""},"class_list":["post-62","page","type-page","status-publish","hentry"],"yoast_head":"<!-- This site is optimized with the Yoast SEO plugin v27.4 - https:\/\/yoast.com\/product\/yoast-seo-wordpress\/ -->\n<title>Notre ASBL - Pr\u00e9sentation g\u00e9n\u00e9rale<\/title>\n<meta name=\"description\" content=\"EducaTeam - ASBL de soutien scolaire - primaire - secondaire - enseignants qualifi\u00e9s - soutien personnalis\u00e9 - m\u00e9thode de travail\" \/>\n<meta name=\"robots\" content=\"index, follow, max-snippet:-1, max-image-preview:large, max-video-preview:-1\" \/>\n<link rel=\"canonical\" href=\"https:\/\/educateam.be\/index.php\/notre-asbl\/\" \/>\n<meta property=\"og:locale\" content=\"fr_FR\" \/>\n<meta property=\"og:type\" content=\"article\" \/>\n<meta property=\"og:title\" content=\"Notre ASBL - Pr\u00e9sentation g\u00e9n\u00e9rale\" \/>\n<meta property=\"og:description\" content=\"EducaTeam - ASBL de soutien scolaire - primaire - secondaire - enseignants qualifi\u00e9s - soutien personnalis\u00e9 - m\u00e9thode de travail\" \/>\n<meta property=\"og:url\" content=\"https:\/\/educateam.be\/index.php\/notre-asbl\/\" \/>\n<meta property=\"article:publisher\" content=\"https:\/\/www.facebook.com\/AsblEducaTeam\/\" \/>\n<meta property=\"article:modified_time\" content=\"2023-03-26T17:14:32+00:00\" \/>\n<meta property=\"og:image\" content=\"https:\/\/educateam.be\/wp-content\/uploads\/2023\/03\/logo_puleio-1024x330.png\" \/>\n<meta name=\"twitter:card\" content=\"summary_large_image\" \/>\n<meta name=\"twitter:label1\" content=\"Dur\u00e9e de lecture estim\u00e9e\" \/>\n\t<meta name=\"twitter:data1\" content=\"3 minutes\" \/>\n<script type=\"application\/ld+json\" class=\"yoast-schema-graph\">{\"@context\":\"https:\\\/\\\/schema.org\",\"@graph\":[{\"@type\":\"WebPage\",\"@id\":\"https:\\\/\\\/educateam.be\\\/index.php\\\/notre-asbl\\\/\",\"url\":\"https:\\\/\\\/educateam.be\\\/index.php\\\/notre-asbl\\\/\",\"name\":\"Notre ASBL - Pr\u00e9sentation g\u00e9n\u00e9rale\",\"isPartOf\":{\"@id\":\"https:\\\/\\\/educateam.be\\\/#website\"},\"primaryImageOfPage\":{\"@id\":\"https:\\\/\\\/educateam.be\\\/index.php\\\/notre-asbl\\\/#primaryimage\"},\"image\":{\"@id\":\"https:\\\/\\\/educateam.be\\\/index.php\\\/notre-asbl\\\/#primaryimage\"},\"thumbnailUrl\":\"https:\\\/\\\/educateam.be\\\/wp-content\\\/uploads\\\/2023\\\/03\\\/logo_puleio-1024x330.png\",\"datePublished\":\"2019-02-10T09:20:34+00:00\",\"dateModified\":\"2023-03-26T17:14:32+00:00\",\"description\":\"EducaTeam - ASBL de soutien scolaire - primaire - secondaire - enseignants qualifi\u00e9s - soutien personnalis\u00e9 - m\u00e9thode de travail\",\"breadcrumb\":{\"@id\":\"https:\\\/\\\/educateam.be\\\/index.php\\\/notre-asbl\\\/#breadcrumb\"},\"inLanguage\":\"fr-FR\",\"potentialAction\":[{\"@type\":\"ReadAction\",\"target\":[\"https:\\\/\\\/educateam.be\\\/index.php\\\/notre-asbl\\\/\"]}]},{\"@type\":\"ImageObject\",\"inLanguage\":\"fr-FR\",\"@id\":\"https:\\\/\\\/educateam.be\\\/index.php\\\/notre-asbl\\\/#primaryimage\",\"url\":\"https:\\\/\\\/educateam.be\\\/wp-content\\\/uploads\\\/2023\\\/03\\\/logo_puleio.png\",\"contentUrl\":\"https:\\\/\\\/educateam.be\\\/wp-content\\\/uploads\\\/2023\\\/03\\\/logo_puleio.png\",\"width\":1559,\"height\":503},{\"@type\":\"BreadcrumbList\",\"@id\":\"https:\\\/\\\/educateam.be\\\/index.php\\\/notre-asbl\\\/#breadcrumb\",\"itemListElement\":[{\"@type\":\"ListItem\",\"position\":1,\"name\":\"Accueil\",\"item\":\"https:\\\/\\\/educateam.be\\\/\"},{\"@type\":\"ListItem\",\"position\":2,\"name\":\"Notre ASBL\"}]},{\"@type\":\"WebSite\",\"@id\":\"https:\\\/\\\/educateam.be\\\/#website\",\"url\":\"https:\\\/\\\/educateam.be\\\/\",\"name\":\"Educateam\",\"description\":\"\",\"publisher\":{\"@id\":\"https:\\\/\\\/educateam.be\\\/#organization\"},\"potentialAction\":[{\"@type\":\"SearchAction\",\"target\":{\"@type\":\"EntryPoint\",\"urlTemplate\":\"https:\\\/\\\/educateam.be\\\/?s={search_term_string}\"},\"query-input\":{\"@type\":\"PropertyValueSpecification\",\"valueRequired\":true,\"valueName\":\"search_term_string\"}}],\"inLanguage\":\"fr-FR\"},{\"@type\":\"Organization\",\"@id\":\"https:\\\/\\\/educateam.be\\\/#organization\",\"name\":\"Educateam\",\"url\":\"https:\\\/\\\/educateam.be\\\/\",\"logo\":{\"@type\":\"ImageObject\",\"inLanguage\":\"fr-FR\",\"@id\":\"https:\\\/\\\/educateam.be\\\/#\\\/schema\\\/logo\\\/image\\\/\",\"url\":\"https:\\\/\\\/educateam.be\\\/wp-content\\\/uploads\\\/2021\\\/11\\\/54402640_2155408334580365_4841115895705108480_n.png\",\"contentUrl\":\"https:\\\/\\\/educateam.be\\\/wp-content\\\/uploads\\\/2021\\\/11\\\/54402640_2155408334580365_4841115895705108480_n.png\",\"width\":1013,\"height\":659,\"caption\":\"Educateam\"},\"image\":{\"@id\":\"https:\\\/\\\/educateam.be\\\/#\\\/schema\\\/logo\\\/image\\\/\"},\"sameAs\":[\"https:\\\/\\\/www.facebook.com\\\/AsblEducaTeam\\\/\"]}]}<\/script>\n<!-- \/ Yoast SEO plugin. -->","yoast_head_json":{"title":"Notre ASBL - Pr\u00e9sentation g\u00e9n\u00e9rale","description":"EducaTeam - ASBL de soutien scolaire - primaire - secondaire - enseignants qualifi\u00e9s - soutien personnalis\u00e9 - m\u00e9thode de travail","robots":{"index":"index","follow":"follow","max-snippet":"max-snippet:-1","max-image-preview":"max-image-preview:large","max-video-preview":"max-video-preview:-1"},"canonical":"https:\/\/educateam.be\/index.php\/notre-asbl\/","og_locale":"fr_FR","og_type":"article","og_title":"Notre ASBL - Pr\u00e9sentation g\u00e9n\u00e9rale","og_description":"EducaTeam - ASBL de soutien scolaire - primaire - secondaire - enseignants qualifi\u00e9s - soutien personnalis\u00e9 - m\u00e9thode de travail","og_url":"https:\/\/educateam.be\/index.php\/notre-asbl\/","article_publisher":"https:\/\/www.facebook.com\/AsblEducaTeam\/","article_modified_time":"2023-03-26T17:14:32+00:00","og_image":[{"url":"https:\/\/educateam.be\/wp-content\/uploads\/2023\/03\/logo_puleio-1024x330.png","type":"","width":"","height":""}],"twitter_card":"summary_large_image","twitter_misc":{"Dur\u00e9e de lecture estim\u00e9e":"3 minutes"},"schema":{"@context":"https:\/\/schema.org","@graph":[{"@type":"WebPage","@id":"https:\/\/educateam.be\/index.php\/notre-asbl\/","url":"https:\/\/educateam.be\/index.php\/notre-asbl\/","name":"Notre ASBL - Pr\u00e9sentation g\u00e9n\u00e9rale","isPartOf":{"@id":"https:\/\/educateam.be\/#website"},"primaryImageOfPage":{"@id":"https:\/\/educateam.be\/index.php\/notre-asbl\/#primaryimage"},"image":{"@id":"https:\/\/educateam.be\/index.php\/notre-asbl\/#primaryimage"},"thumbnailUrl":"https:\/\/educateam.be\/wp-content\/uploads\/2023\/03\/logo_puleio-1024x330.png","datePublished":"2019-02-10T09:20:34+00:00","dateModified":"2023-03-26T17:14:32+00:00","description":"EducaTeam - ASBL de soutien scolaire - primaire - secondaire - enseignants qualifi\u00e9s - soutien personnalis\u00e9 - m\u00e9thode de travail","breadcrumb":{"@id":"https:\/\/educateam.be\/index.php\/notre-asbl\/#breadcrumb"},"inLanguage":"fr-FR","potentialAction":[{"@type":"ReadAction","target":["https:\/\/educateam.be\/index.php\/notre-asbl\/"]}]},{"@type":"ImageObject","inLanguage":"fr-FR","@id":"https:\/\/educateam.be\/index.php\/notre-asbl\/#primaryimage","url":"https:\/\/educateam.be\/wp-content\/uploads\/2023\/03\/logo_puleio.png","contentUrl":"https:\/\/educateam.be\/wp-content\/uploads\/2023\/03\/logo_puleio.png","width":1559,"height":503},{"@type":"BreadcrumbList","@id":"https:\/\/educateam.be\/index.php\/notre-asbl\/#breadcrumb","itemListElement":[{"@type":"ListItem","position":1,"name":"Accueil","item":"https:\/\/educateam.be\/"},{"@type":"ListItem","position":2,"name":"Notre ASBL"}]},{"@type":"WebSite","@id":"https:\/\/educateam.be\/#website","url":"https:\/\/educateam.be\/","name":"Educateam","description":"","publisher":{"@id":"https:\/\/educateam.be\/#organization"},"potentialAction":[{"@type":"SearchAction","target":{"@type":"EntryPoint","urlTemplate":"https:\/\/educateam.be\/?s={search_term_string}"},"query-input":{"@type":"PropertyValueSpecification","valueRequired":true,"valueName":"search_term_string"}}],"inLanguage":"fr-FR"},{"@type":"Organization","@id":"https:\/\/educateam.be\/#organization","name":"Educateam","url":"https:\/\/educateam.be\/","logo":{"@type":"ImageObject","inLanguage":"fr-FR","@id":"https:\/\/educateam.be\/#\/schema\/logo\/image\/","url":"https:\/\/educateam.be\/wp-content\/uploads\/2021\/11\/54402640_2155408334580365_4841115895705108480_n.png","contentUrl":"https:\/\/educateam.be\/wp-content\/uploads\/2021\/11\/54402640_2155408334580365_4841115895705108480_n.png","width":1013,"height":659,"caption":"Educateam"},"image":{"@id":"https:\/\/educateam.be\/#\/schema\/logo\/image\/"},"sameAs":["https:\/\/www.facebook.com\/AsblEducaTeam\/"]}]}},"_links":{"self":[{"href":"https:\/\/educateam.be\/index.php\/wp-json\/wp\/v2\/pages\/62","targetHints":{"allow":["GET"]}}],"collection":[{"href":"https:\/\/educateam.be\/index.php\/wp-json\/wp\/v2\/pages"}],"about":[{"href":"https:\/\/educateam.be\/index.php\/wp-json\/wp\/v2\/types\/page"}],"author":[{"embeddable":true,"href":"https:\/\/educateam.be\/index.php\/wp-json\/wp\/v2\/users\/1"}],"replies":[{"embeddable":true,"href":"https:\/\/educateam.be\/index.php\/wp-json\/wp\/v2\/comments?post=62"}],"version-history":[{"count":10,"href":"https:\/\/educateam.be\/index.php\/wp-json\/wp\/v2\/pages\/62\/revisions"}],"predecessor-version":[{"id":1144,"href":"https:\/\/educateam.be\/index.php\/wp-json\/wp\/v2\/pages\/62\/revisions\/1144"}],"wp:attachment":[{"href":"https:\/\/educateam.be\/index.php\/wp-json\/wp\/v2\/media?parent=62"}],"curies":[{"name":"wp","href":"https:\/\/api.w.org\/{rel}","templated":true}]}}