{"id":8,"date":"2019-01-27T15:56:15","date_gmt":"2019-01-27T14:56:15","guid":{"rendered":"http:\/\/educateam.be\/?page_id=8"},"modified":"2025-05-18T08:26:24","modified_gmt":"2025-05-18T06:26:24","slug":"contact","status":"publish","type":"page","link":"https:\/\/educateam.be\/index.php\/contact\/","title":{"rendered":"Contact"},"content":{"rendered":"\n<p>Pour toute information et\/ou inscription, notre secr\u00e9tariat est joignable :<\/p>\n\n\n\n<ul class=\"wp-block-list\">\n<li>via le num\u00e9ro <strong>0484\/06.60.60<\/strong>\n<ul class=\"wp-block-list\">\n<li>le<em> lundi<\/em> de 8h00 \u00e0 12h00 et de 14h00 \u00e0 18h00 ;<\/li>\n\n\n\n<li>le<em> mardi<\/em> de 14h00 \u00e0 18h00 ;<\/li>\n\n\n\n<li>le <em>mercredi<\/em> de 8h00 \u00e0 12h00 ;<\/li>\n\n\n\n<li>le<em> vendredi<\/em> de 8h00 \u00e0 12h00 et de 14h00 \u00e0 18h00 ;<\/li>\n<\/ul>\n<\/li>\n\n\n\n<li><em>24h\/24, 7j\/7<\/em> \u00e0 l&rsquo;adresse :<strong> <a href=\"mailto:info@educateam.be\">info@educateam.be<\/a><\/strong>.<\/li>\n<\/ul>\n\n\n\n<p>Pour les \u00e9l\u00e8ves d\u00e9j\u00e0 inscrits, une permanence t\u00e9l\u00e9phonique est \u00e9galement disponible durant les cours (retards, &#8230;).<\/p>\n\n\n\n<p>Vous pouvez aussi nous faire parvenir votre demande \u00e0 l&rsquo;aide du <strong>formulaire<\/strong> suivant :<\/p>\n\n\n<div class=\"wpforms-container wpforms-container-full wpforms-block wpforms-block-c8e0039f-54c8-4ead-9442-3f4cba4afb71\" id=\"wpforms-141\"><form id=\"wpforms-form-141\" class=\"wpforms-validate wpforms-form\" data-formid=\"141\" method=\"post\" enctype=\"multipart\/form-data\" action=\"\/index.php\/wp-json\/wp\/v2\/pages\/8\" data-token=\"59f24d72a445c4c0552d8a61f5d91af8\" data-token-time=\"1775824157\"><noscript class=\"wpforms-error-noscript\">Veuillez activer JavaScript dans votre navigateur pour remplir ce formulaire.<\/noscript><div class=\"wpforms-field-container\"><div id=\"wpforms-141-field_0-container\" class=\"wpforms-field wpforms-field-name\" data-field-id=\"0\"><label class=\"wpforms-field-label\" for=\"wpforms-141-field_0\">Nom du responsable : <span class=\"wpforms-required-label\">*<\/span><\/label><input type=\"text\" id=\"wpforms-141-field_0\" class=\"wpforms-field-medium wpforms-field-required\" name=\"wpforms[fields][0]\" required><\/div><div id=\"wpforms-141-field_5-container\" class=\"wpforms-field wpforms-field-name\" data-field-id=\"5\"><label class=\"wpforms-field-label\" for=\"wpforms-141-field_5\">Pr\u00e9nom du responsable : <span class=\"wpforms-required-label\">*<\/span><\/label><input type=\"text\" id=\"wpforms-141-field_5\" class=\"wpforms-field-medium wpforms-field-required\" name=\"wpforms[fields][5]\" required><\/div><div id=\"wpforms-141-field_13-container\" class=\"wpforms-field wpforms-field-email\" data-field-id=\"13\"><label class=\"wpforms-field-label\" for=\"wpforms-141-field_13\">E-mail <span class=\"wpforms-required-label\">*<\/span><\/label><input type=\"email\" id=\"wpforms-141-field_13\" class=\"wpforms-field-medium wpforms-field-required\" name=\"wpforms[fields][13]\" spellcheck=\"false\" required><\/div><div id=\"wpforms-141-field_3-container\" class=\"wpforms-field wpforms-field-text\" data-field-id=\"3\"><label class=\"wpforms-field-label\" for=\"wpforms-141-field_3\">Num\u00e9ro de t\u00e9l\u00e9phone : <span class=\"wpforms-required-label\">*<\/span><\/label><input type=\"text\" id=\"wpforms-141-field_3\" class=\"wpforms-field-medium wpforms-field-required\" name=\"wpforms[fields][3]\" required><\/div><div id=\"wpforms-141-field_14-container\" class=\"wpforms-field wpforms-field-text\" data-field-id=\"14\"><label class=\"wpforms-field-label\" for=\"wpforms-141-field_14\">Adresse postale :<\/label><input type=\"text\" id=\"wpforms-141-field_14\" class=\"wpforms-field-medium\" name=\"wpforms[fields][14]\" ><\/div><div id=\"wpforms-141-field_15-container\" class=\"wpforms-field wpforms-field-text\" data-field-id=\"15\"><label class=\"wpforms-field-label\" for=\"wpforms-141-field_15\">Nom de l&#039;enfant : <span class=\"wpforms-required-label\">*<\/span><\/label><input type=\"text\" id=\"wpforms-141-field_15\" class=\"wpforms-field-medium wpforms-field-required\" name=\"wpforms[fields][15]\" required><\/div><div id=\"wpforms-141-field_16-container\" class=\"wpforms-field wpforms-field-text\" data-field-id=\"16\"><label class=\"wpforms-field-label\" for=\"wpforms-141-field_16\">Pr\u00e9nom de l&#039;enfant : <span class=\"wpforms-required-label\">*<\/span><\/label><input type=\"text\" id=\"wpforms-141-field_16\" class=\"wpforms-field-medium wpforms-field-required\" name=\"wpforms[fields][16]\" required><\/div><div id=\"wpforms-141-field_6-container\" class=\"wpforms-field wpforms-field-select wpforms-field-select-style-classic\" data-field-id=\"6\"><label class=\"wpforms-field-label\" for=\"wpforms-141-field_6\">Choisissez un centre : <span class=\"wpforms-required-label\">*<\/span><\/label><select id=\"wpforms-141-field_6\" class=\"wpforms-field-small wpforms-field-required\" name=\"wpforms[fields][6]\" required=\"required\"><option value=\"_ _ _\"  class=\"choice-10 depth-1\"  >_ _ _<\/option><option value=\"Anderlecht\"  class=\"choice-2 depth-1\"  >Anderlecht<\/option><option value=\"Arlon\"  class=\"choice-1 depth-1\"  >Arlon<\/option><option value=\"Charleroi\"  class=\"choice-3 depth-1\"  >Charleroi<\/option><option value=\"Dour\"  class=\"choice-4 depth-1\"  >Dour<\/option><option value=\"Mons\"  class=\"choice-6 depth-1\"  >Mons<\/option><option value=\"Namur\"  class=\"choice-7 depth-1\"  >Namur<\/option><option value=\"Tournai\"  class=\"choice-8 depth-1\"  >Tournai<\/option><option value=\"Verviers\"  class=\"choice-9 depth-1\"  >Verviers<\/option><\/select><\/div><div id=\"wpforms-141-field_12-container\" class=\"wpforms-field wpforms-field-checkbox wpforms-list-2-columns\" data-field-id=\"12\"><label class=\"wpforms-field-label\">Choisissez la(les) mati\u00e8re(s) souhait\u00e9e(s) <span class=\"wpforms-required-label\">*<\/span><\/label><ul id=\"wpforms-141-field_12\" class=\"wpforms-field-required\"><li class=\"choice-1 depth-1\"><input type=\"checkbox\" id=\"wpforms-141-field_12_1\" name=\"wpforms[fields][12][]\" value=\"Primaire\" required ><label class=\"wpforms-field-label-inline\" for=\"wpforms-141-field_12_1\">Primaire<\/label><\/li><li class=\"choice-3 depth-1\"><input type=\"checkbox\" id=\"wpforms-141-field_12_3\" name=\"wpforms[fields][12][]\" value=\"Secondaire - Anglais\" required ><label class=\"wpforms-field-label-inline\" for=\"wpforms-141-field_12_3\">Secondaire &#8211; Anglais<\/label><\/li><li class=\"choice-2 depth-1\"><input type=\"checkbox\" id=\"wpforms-141-field_12_2\" name=\"wpforms[fields][12][]\" value=\"Secondaire - Math\u00e9matiques\" required ><label class=\"wpforms-field-label-inline\" for=\"wpforms-141-field_12_2\">Secondaire &#8211; Math\u00e9matiques<\/label><\/li><li class=\"choice-4 depth-1\"><input type=\"checkbox\" id=\"wpforms-141-field_12_4\" name=\"wpforms[fields][12][]\" value=\"Secondaire - N\u00e9erlandais\" required ><label class=\"wpforms-field-label-inline\" for=\"wpforms-141-field_12_4\">Secondaire &#8211; N\u00e9erlandais<\/label><\/li><li class=\"choice-5 depth-1\"><input type=\"checkbox\" id=\"wpforms-141-field_12_5\" name=\"wpforms[fields][12][]\" value=\"Secondaire - Fran\u00e7ais\" required ><label class=\"wpforms-field-label-inline\" for=\"wpforms-141-field_12_5\">Secondaire &#8211; Fran\u00e7ais<\/label><\/li><li class=\"choice-6 depth-1\"><input type=\"checkbox\" id=\"wpforms-141-field_12_6\" name=\"wpforms[fields][12][]\" value=\"Secondaire - Sciences\" required ><label class=\"wpforms-field-label-inline\" for=\"wpforms-141-field_12_6\">Secondaire &#8211; Sciences<\/label><\/li><\/ul><\/div><div id=\"wpforms-141-field_11-container\" class=\"wpforms-field wpforms-field-select wpforms-field-select-style-classic\" data-field-id=\"11\"><label class=\"wpforms-field-label\" for=\"wpforms-141-field_11\">En quelle ann\u00e9e votre enfant se trouve-t-il ? <span class=\"wpforms-required-label\">*<\/span><\/label><select id=\"wpforms-141-field_11\" class=\"wpforms-field-small wpforms-field-required\" name=\"wpforms[fields][11]\" required=\"required\"><option value=\"_ _ _\"  class=\"choice-14 depth-1\"  >_ _ _<\/option><option value=\"1\u00e8re ann\u00e9e primaire\"  class=\"choice-1 depth-1\"  >1\u00e8re ann\u00e9e primaire<\/option><option value=\"2\u00e8me ann\u00e9e primaire\"  class=\"choice-2 depth-1\"  >2\u00e8me ann\u00e9e primaire<\/option><option value=\"3\u00e8me ann\u00e9e primaire\"  class=\"choice-3 depth-1\"  >3\u00e8me ann\u00e9e primaire<\/option><option value=\"4\u00e8me ann\u00e9e primaire\"  class=\"choice-6 depth-1\"  >4\u00e8me ann\u00e9e primaire<\/option><option value=\"5\u00e8me ann\u00e9e primaire\"  class=\"choice-5 depth-1\"  >5\u00e8me ann\u00e9e primaire<\/option><option value=\"6\u00e8me ann\u00e9e primaire\"  class=\"choice-4 depth-1\"  >6\u00e8me ann\u00e9e primaire<\/option><option value=\"1\u00e8re ann\u00e9e secondaire\"  class=\"choice-12 depth-1\"  >1\u00e8re ann\u00e9e secondaire<\/option><option value=\"2\u00e8me ann\u00e9e secondaire\"  class=\"choice-11 depth-1\"  >2\u00e8me ann\u00e9e secondaire<\/option><option value=\"3\u00e8me ann\u00e9e secondaire\"  class=\"choice-10 depth-1\"  >3\u00e8me ann\u00e9e secondaire<\/option><option value=\"4\u00e8me ann\u00e9e secondaire\"  class=\"choice-9 depth-1\"  >4\u00e8me ann\u00e9e secondaire<\/option><option value=\"5\u00e8me ann\u00e9e secondaire\"  class=\"choice-8 depth-1\"  >5\u00e8me ann\u00e9e secondaire<\/option><option value=\"6\u00e8me ann\u00e9e secondaire\"  class=\"choice-7 depth-1\"  >6\u00e8me ann\u00e9e secondaire<\/option><option value=\"Enseignement sup\u00e9rieur\"  class=\"choice-13 depth-1\"  >Enseignement sup\u00e9rieur<\/option><\/select><\/div><div id=\"wpforms-141-field_18-container\" class=\"wpforms-field wpforms-field-text\" data-field-id=\"18\"><label class=\"wpforms-field-label\" for=\"wpforms-141-field_18\">Dans quelle \u00e9cole est-il scolaris\u00e9 ? <span class=\"wpforms-required-label\">*<\/span><\/label><input type=\"text\" id=\"wpforms-141-field_18\" class=\"wpforms-field-medium wpforms-field-required\" name=\"wpforms[fields][18]\" required><\/div><div id=\"wpforms-141-field_17-container\" class=\"wpforms-field wpforms-field-checkbox\" data-field-id=\"17\"><label class=\"wpforms-field-label\">Comment avez-vous entendu parler d&#039;EducaTeam ?<\/label><ul id=\"wpforms-141-field_17\"><li class=\"choice-1 depth-1\"><input type=\"checkbox\" id=\"wpforms-141-field_17_1\" name=\"wpforms[fields][17][]\" value=\"Via une connaissance.\"  ><label class=\"wpforms-field-label-inline\" for=\"wpforms-141-field_17_1\">Via une connaissance.<\/label><\/li><li class=\"choice-2 depth-1\"><input type=\"checkbox\" id=\"wpforms-141-field_17_2\" name=\"wpforms[fields][17][]\" value=\"Via les r\u00e9seaux sociaux.\"  ><label class=\"wpforms-field-label-inline\" for=\"wpforms-141-field_17_2\">Via les r\u00e9seaux sociaux.<\/label><\/li><li class=\"choice-3 depth-1\"><input type=\"checkbox\" id=\"wpforms-141-field_17_3\" name=\"wpforms[fields][17][]\" value=\"Via l&#039;\u00e9cole.\"  ><label class=\"wpforms-field-label-inline\" for=\"wpforms-141-field_17_3\">Via l&rsquo;\u00e9cole.<\/label><\/li><\/ul><\/div><div id=\"wpforms-141-field_2-container\" class=\"wpforms-field wpforms-field-textarea\" data-field-id=\"2\"><label class=\"wpforms-field-label\" for=\"wpforms-141-field_2\">Informations compl\u00e9mentaires \u00e9ventuelles :<\/label><textarea id=\"wpforms-141-field_2\" class=\"wpforms-field-medium\" name=\"wpforms[fields][2]\" ><\/textarea><\/div><\/div><!-- .wpforms-field-container --><div class=\"wpforms-field wpforms-field-hp\"><label for=\"wpforms-141-field-hp\" class=\"wpforms-field-label\">Phone<\/label><input type=\"text\" name=\"wpforms[hp]\" id=\"wpforms-141-field-hp\" class=\"wpforms-field-medium\"><\/div><div class=\"wpforms-recaptcha-container wpforms-is-recaptcha wpforms-is-recaptcha-type-v2\" ><div class=\"g-recaptcha\" data-sitekey=\"6Lcs7Q8fAAAAAMOEVfSmY9scigirxoAlpQ2VBRov\"><\/div><input type=\"text\" name=\"g-recaptcha-hidden\" class=\"wpforms-recaptcha-hidden\" style=\"position:absolute!important;clip:rect(0,0,0,0)!important;height:1px!important;width:1px!important;border:0!important;overflow:hidden!important;padding:0!important;margin:0!important;\" data-rule-recaptcha=\"1\"><\/div><div class=\"wpforms-submit-container\" ><input type=\"hidden\" name=\"wpforms[id]\" value=\"141\"><input type=\"hidden\" name=\"page_title\" value=\"\"><input type=\"hidden\" name=\"page_url\" value=\"https:\/\/educateam.be\/index.php\/wp-json\/wp\/v2\/pages\/8\"><input type=\"hidden\" name=\"url_referer\" value=\"\"><button type=\"submit\" name=\"wpforms[submit]\" id=\"wpforms-submit-141\" class=\"wpforms-submit\" data-alt-text=\"Sending...\" data-submit-text=\"Envoyer\" aria-live=\"assertive\" value=\"wpforms-submit\">Envoyer<\/button><\/div><\/form><\/div>  <!-- .wpforms-container -->","protected":false},"excerpt":{"rendered":"<p class=\"qua-blog-post-description\">Pour toute information et\/ou inscription, notre secr\u00e9tariat est joignable : Pour les \u00e9l\u00e8ves d\u00e9j\u00e0 inscrits, une permanence t\u00e9l\u00e9phonique est \u00e9galement disponible durant les cours (retards, &#8230;). Vous pouvez aussi nous faire parvenir votre demande \u00e0 l&rsquo;aide du formulaire suivant :<\/p>\n","protected":false},"author":1,"featured_media":0,"parent":0,"menu_order":0,"comment_status":"closed","ping_status":"closed","template":"","meta":{"footnotes":""},"class_list":["post-8","page","type-page","status-publish","hentry"],"yoast_head":"<!-- This site is optimized with the Yoast SEO plugin v27.3 - https:\/\/yoast.com\/product\/yoast-seo-wordpress\/ -->\n<title>Contact -<\/title>\n<meta name=\"robots\" content=\"index, follow, max-snippet:-1, max-image-preview:large, max-video-preview:-1\" \/>\n<link rel=\"canonical\" href=\"https:\/\/educateam.be\/index.php\/contact\/\" \/>\n<meta property=\"og:locale\" content=\"fr_FR\" \/>\n<meta property=\"og:type\" content=\"article\" \/>\n<meta property=\"og:title\" content=\"Contact -\" \/>\n<meta property=\"og:description\" content=\"Pour toute information et\/ou inscription, notre secr\u00e9tariat est joignable : Pour les \u00e9l\u00e8ves d\u00e9j\u00e0 inscrits, une permanence t\u00e9l\u00e9phonique est \u00e9galement disponible durant les cours (retards, &#8230;). Vous pouvez aussi nous faire parvenir votre demande \u00e0 l&rsquo;aide du formulaire suivant :\" \/>\n<meta property=\"og:url\" content=\"https:\/\/educateam.be\/index.php\/contact\/\" \/>\n<meta property=\"article:publisher\" content=\"https:\/\/www.facebook.com\/AsblEducaTeam\/\" \/>\n<meta property=\"article:modified_time\" content=\"2025-05-18T06:26:24+00:00\" \/>\n<meta property=\"og:image\" content=\"https:\/\/educateam.be\/wp-content\/uploads\/2025\/08\/pexels-karolina-grabowska-7692643-scaled.jpg\" \/>\n\t<meta property=\"og:image:width\" content=\"2560\" \/>\n\t<meta property=\"og:image:height\" content=\"1707\" \/>\n\t<meta property=\"og:image:type\" content=\"image\/jpeg\" \/>\n<meta name=\"twitter:card\" content=\"summary_large_image\" \/>\n<meta name=\"twitter:label1\" content=\"Dur\u00e9e de lecture estim\u00e9e\" \/>\n\t<meta name=\"twitter:data1\" content=\"1 minute\" \/>\n<script type=\"application\/ld+json\" class=\"yoast-schema-graph\">{\"@context\":\"https:\\\/\\\/schema.org\",\"@graph\":[{\"@type\":[\"WebPage\",\"ContactPage\"],\"@id\":\"https:\\\/\\\/educateam.be\\\/index.php\\\/contact\\\/\",\"url\":\"https:\\\/\\\/educateam.be\\\/index.php\\\/contact\\\/\",\"name\":\"Contact -\",\"isPartOf\":{\"@id\":\"https:\\\/\\\/educateam.be\\\/#website\"},\"datePublished\":\"2019-01-27T14:56:15+00:00\",\"dateModified\":\"2025-05-18T06:26:24+00:00\",\"breadcrumb\":{\"@id\":\"https:\\\/\\\/educateam.be\\\/index.php\\\/contact\\\/#breadcrumb\"},\"inLanguage\":\"fr-FR\",\"potentialAction\":[{\"@type\":\"ReadAction\",\"target\":[\"https:\\\/\\\/educateam.be\\\/index.php\\\/contact\\\/\"]}]},{\"@type\":\"BreadcrumbList\",\"@id\":\"https:\\\/\\\/educateam.be\\\/index.php\\\/contact\\\/#breadcrumb\",\"itemListElement\":[{\"@type\":\"ListItem\",\"position\":1,\"name\":\"Accueil\",\"item\":\"https:\\\/\\\/educateam.be\\\/\"},{\"@type\":\"ListItem\",\"position\":2,\"name\":\"Contact\"}]},{\"@type\":\"WebSite\",\"@id\":\"https:\\\/\\\/educateam.be\\\/#website\",\"url\":\"https:\\\/\\\/educateam.be\\\/\",\"name\":\"Educateam\",\"description\":\"\",\"publisher\":{\"@id\":\"https:\\\/\\\/educateam.be\\\/#organization\"},\"potentialAction\":[{\"@type\":\"SearchAction\",\"target\":{\"@type\":\"EntryPoint\",\"urlTemplate\":\"https:\\\/\\\/educateam.be\\\/?s={search_term_string}\"},\"query-input\":{\"@type\":\"PropertyValueSpecification\",\"valueRequired\":true,\"valueName\":\"search_term_string\"}}],\"inLanguage\":\"fr-FR\"},{\"@type\":\"Organization\",\"@id\":\"https:\\\/\\\/educateam.be\\\/#organization\",\"name\":\"Educateam\",\"url\":\"https:\\\/\\\/educateam.be\\\/\",\"logo\":{\"@type\":\"ImageObject\",\"inLanguage\":\"fr-FR\",\"@id\":\"https:\\\/\\\/educateam.be\\\/#\\\/schema\\\/logo\\\/image\\\/\",\"url\":\"https:\\\/\\\/educateam.be\\\/wp-content\\\/uploads\\\/2021\\\/11\\\/54402640_2155408334580365_4841115895705108480_n.png\",\"contentUrl\":\"https:\\\/\\\/educateam.be\\\/wp-content\\\/uploads\\\/2021\\\/11\\\/54402640_2155408334580365_4841115895705108480_n.png\",\"width\":1013,\"height\":659,\"caption\":\"Educateam\"},\"image\":{\"@id\":\"https:\\\/\\\/educateam.be\\\/#\\\/schema\\\/logo\\\/image\\\/\"},\"sameAs\":[\"https:\\\/\\\/www.facebook.com\\\/AsblEducaTeam\\\/\"]}]}<\/script>\n<!-- \/ Yoast SEO plugin. -->","yoast_head_json":{"title":"Contact -","robots":{"index":"index","follow":"follow","max-snippet":"max-snippet:-1","max-image-preview":"max-image-preview:large","max-video-preview":"max-video-preview:-1"},"canonical":"https:\/\/educateam.be\/index.php\/contact\/","og_locale":"fr_FR","og_type":"article","og_title":"Contact -","og_description":"Pour toute information et\/ou inscription, notre secr\u00e9tariat est joignable : Pour les \u00e9l\u00e8ves d\u00e9j\u00e0 inscrits, une permanence t\u00e9l\u00e9phonique est \u00e9galement disponible durant les cours (retards, &#8230;). Vous pouvez aussi nous faire parvenir votre demande \u00e0 l&rsquo;aide du formulaire suivant :","og_url":"https:\/\/educateam.be\/index.php\/contact\/","article_publisher":"https:\/\/www.facebook.com\/AsblEducaTeam\/","article_modified_time":"2025-05-18T06:26:24+00:00","og_image":[{"width":2560,"height":1707,"url":"https:\/\/educateam.be\/wp-content\/uploads\/2025\/08\/pexels-karolina-grabowska-7692643-scaled.jpg","type":"image\/jpeg"}],"twitter_card":"summary_large_image","twitter_misc":{"Dur\u00e9e de lecture estim\u00e9e":"1 minute"},"schema":{"@context":"https:\/\/schema.org","@graph":[{"@type":["WebPage","ContactPage"],"@id":"https:\/\/educateam.be\/index.php\/contact\/","url":"https:\/\/educateam.be\/index.php\/contact\/","name":"Contact -","isPartOf":{"@id":"https:\/\/educateam.be\/#website"},"datePublished":"2019-01-27T14:56:15+00:00","dateModified":"2025-05-18T06:26:24+00:00","breadcrumb":{"@id":"https:\/\/educateam.be\/index.php\/contact\/#breadcrumb"},"inLanguage":"fr-FR","potentialAction":[{"@type":"ReadAction","target":["https:\/\/educateam.be\/index.php\/contact\/"]}]},{"@type":"BreadcrumbList","@id":"https:\/\/educateam.be\/index.php\/contact\/#breadcrumb","itemListElement":[{"@type":"ListItem","position":1,"name":"Accueil","item":"https:\/\/educateam.be\/"},{"@type":"ListItem","position":2,"name":"Contact"}]},{"@type":"WebSite","@id":"https:\/\/educateam.be\/#website","url":"https:\/\/educateam.be\/","name":"Educateam","description":"","publisher":{"@id":"https:\/\/educateam.be\/#organization"},"potentialAction":[{"@type":"SearchAction","target":{"@type":"EntryPoint","urlTemplate":"https:\/\/educateam.be\/?s={search_term_string}"},"query-input":{"@type":"PropertyValueSpecification","valueRequired":true,"valueName":"search_term_string"}}],"inLanguage":"fr-FR"},{"@type":"Organization","@id":"https:\/\/educateam.be\/#organization","name":"Educateam","url":"https:\/\/educateam.be\/","logo":{"@type":"ImageObject","inLanguage":"fr-FR","@id":"https:\/\/educateam.be\/#\/schema\/logo\/image\/","url":"https:\/\/educateam.be\/wp-content\/uploads\/2021\/11\/54402640_2155408334580365_4841115895705108480_n.png","contentUrl":"https:\/\/educateam.be\/wp-content\/uploads\/2021\/11\/54402640_2155408334580365_4841115895705108480_n.png","width":1013,"height":659,"caption":"Educateam"},"image":{"@id":"https:\/\/educateam.be\/#\/schema\/logo\/image\/"},"sameAs":["https:\/\/www.facebook.com\/AsblEducaTeam\/"]}]}},"_links":{"self":[{"href":"https:\/\/educateam.be\/index.php\/wp-json\/wp\/v2\/pages\/8","targetHints":{"allow":["GET"]}}],"collection":[{"href":"https:\/\/educateam.be\/index.php\/wp-json\/wp\/v2\/pages"}],"about":[{"href":"https:\/\/educateam.be\/index.php\/wp-json\/wp\/v2\/types\/page"}],"author":[{"embeddable":true,"href":"https:\/\/educateam.be\/index.php\/wp-json\/wp\/v2\/users\/1"}],"replies":[{"embeddable":true,"href":"https:\/\/educateam.be\/index.php\/wp-json\/wp\/v2\/comments?post=8"}],"version-history":[{"count":9,"href":"https:\/\/educateam.be\/index.php\/wp-json\/wp\/v2\/pages\/8\/revisions"}],"predecessor-version":[{"id":1194,"href":"https:\/\/educateam.be\/index.php\/wp-json\/wp\/v2\/pages\/8\/revisions\/1194"}],"wp:attachment":[{"href":"https:\/\/educateam.be\/index.php\/wp-json\/wp\/v2\/media?parent=8"}],"curies":[{"name":"wp","href":"https:\/\/api.w.org\/{rel}","templated":true}]}}